{"id":11466,"date":"2023-01-16T00:00:00","date_gmt":"2023-01-16T00:00:00","guid":{"rendered":"https:\/\/www.agrinventory.com\/bliv-agr-partner-formular\/"},"modified":"2025-10-16T23:17:50","modified_gmt":"2025-10-16T23:17:50","slug":"bliv-agr-partner-formular","status":"publish","type":"page","link":"https:\/\/www.agrinventory.com\/da\/bliv-agr-partner-formular\/","title":{"rendered":"Bliv AGR-partner | Formular"},"content":{"rendered":"\t\t<div data-elementor-type=\"wp-page\" data-elementor-id=\"11466\" class=\"elementor elementor-11466 elementor-443\" data-elementor-post-type=\"page\">\n\t\t\t\t<div class=\"elementor-element elementor-element-80a8801 e-flex e-con-boxed e-con e-parent\" data-id=\"80a8801\" data-element_type=\"container\" data-e-type=\"container\" data-settings=\"{&quot;background_background&quot;:&quot;classic&quot;}\">\n\t\t\t\t\t<div class=\"e-con-inner\">\n\t\t\t\t\t<\/div>\n\t\t\t\t<\/div>\n\t\t<div class=\"elementor-element elementor-element-f77dec3 e-con-full e-flex e-con e-parent\" data-id=\"f77dec3\" data-element_type=\"container\" data-e-type=\"container\">\n\t\t<div class=\"elementor-element elementor-element-b195212 e-con-full e-flex e-con e-child\" data-id=\"b195212\" data-element_type=\"container\" data-e-type=\"container\" data-settings=\"{&quot;background_background&quot;:&quot;classic&quot;}\">\n\t\t<div class=\"elementor-element elementor-element-1a0709b e-con-full e-flex e-con e-child\" data-id=\"1a0709b\" data-element_type=\"container\" data-e-type=\"container\">\n\t\t\t\t<div class=\"elementor-element elementor-element-3959e52 elementor-invisible elementor-widget elementor-widget-html\" data-id=\"3959e52\" data-element_type=\"widget\" data-e-type=\"widget\" data-settings=\"{&quot;_animation&quot;:&quot;fadeInLeft&quot;}\" data-widget_type=\"html.default\">\n\t\t\t\t<div class=\"elementor-widget-container\">\n\t\t\t\t\t<div class=\"container\"><div class=\"tail\"><\/div><div class=\"square\"><\/div><\/div><style>.container {\r\n        display: flex;\r\n        align-items: center;\r\n    }\r\n\r\n    .tail {\r\n        width: 90px;\r\n        height: 10px;\r\n        background: linear-gradient(to left, #8CE500, rgba(140, 229, 0, 0));\r\n    }\r\n\r\n    .square {\r\n        width: 10px;\r\n        height: 10px;\r\n        background-color: #8CE500;\r\n    }\r\n<\/style>\t\t\t\t<\/div>\n\t\t\t\t<\/div>\n\t\t\t\t<div class=\"elementor-element elementor-element-3e87803 elementor-widget elementor-widget-heading\" data-id=\"3e87803\" data-element_type=\"widget\" data-e-type=\"widget\" data-widget_type=\"heading.default\">\n\t\t\t\t<div class=\"elementor-widget-container\">\n\t\t\t\t\t<h1 class=\"elementor-heading-title elementor-size-default\">Bliv partner<\/h1>\t\t\t\t<\/div>\n\t\t\t\t<\/div>\n\t\t\t\t<div class=\"elementor-element elementor-element-1762cc2 elementor-widget elementor-widget-text-editor\" data-id=\"1762cc2\" data-element_type=\"widget\" data-e-type=\"widget\" data-widget_type=\"text-editor.default\">\n\t\t\t\t<div class=\"elementor-widget-container\">\n\t\t\t\t\t\t\t\t\t<p>Tilbyd dine kunder et brugervenligt og omkostningseffektivt add-on til lageroptimering til ethvert ERP-system, der giver v\u00e6rdi til din kundebase og ekstra indt\u00e6gter til din virksomhed.<\/p>\t\t\t\t\t\t\t\t<\/div>\n\t\t\t\t<\/div>\n\t\t\t\t<div class=\"elementor-element elementor-element-c3792dd elementor-button-align-center elementor-widget elementor-widget-form\" data-id=\"c3792dd\" data-element_type=\"widget\" data-e-type=\"widget\" data-settings=\"{&quot;step_next_label&quot;:&quot;N\\u00e6ste&quot;,&quot;step_previous_label&quot;:&quot;Tidligere&quot;,&quot;button_width&quot;:&quot;100&quot;,&quot;step_type&quot;:&quot;number_text&quot;,&quot;step_icon_shape&quot;:&quot;circle&quot;}\" data-widget_type=\"form.default\">\n\t\t\t\t<div class=\"elementor-widget-container\">\n\t\t\t\t\t\t\t<form class=\"elementor-form\" method=\"post\" name=\"Registreringsformular for partnere\" aria-label=\"Registreringsformular for partnere\">\n\t\t\t<input type=\"hidden\" name=\"post_id\" value=\"11466\"\/>\n\t\t\t<input type=\"hidden\" name=\"form_id\" value=\"c3792dd\"\/>\n\t\t\t<input type=\"hidden\" name=\"referer_title\" value=\"Bliv En Partner | AGR Inventory.\" \/>\n\n\t\t\t\t\t\t\t<input type=\"hidden\" name=\"queried_id\" value=\"11466\"\/>\n\t\t\t\n\t\t\t<div class=\"elementor-form-fields-wrapper elementor-labels-\">\n\t\t\t\t\t\t\t\t<div class=\"elementor-field-type-text elementor-field-group elementor-column elementor-field-group-name elementor-col-50 elementor-field-required\">\n\t\t\t\t\t\t\t\t\t\t\t\t<label for=\"form-field-name\" class=\"elementor-field-label elementor-screen-only\">\n\t\t\t\t\t\t\t\tFornavn\t\t\t\t\t\t\t<\/label>\n\t\t\t\t\t\t\t\t\t\t\t\t\t\t<input size=\"1\" type=\"text\" name=\"form_fields[name]\" id=\"form-field-name\" class=\"elementor-field elementor-size-sm  elementor-field-textual\" placeholder=\"Fornavn\" required=\"required\">\n\t\t\t\t\t\t\t\t\t\t\t<\/div>\n\t\t\t\t\t\t\t\t<div class=\"elementor-field-type-text elementor-field-group elementor-column elementor-field-group-field_4925b7b elementor-col-50 elementor-field-required\">\n\t\t\t\t\t\t\t\t\t\t\t\t<label for=\"form-field-field_4925b7b\" class=\"elementor-field-label elementor-screen-only\">\n\t\t\t\t\t\t\t\tEfternavn\t\t\t\t\t\t\t<\/label>\n\t\t\t\t\t\t\t\t\t\t\t\t\t\t<input size=\"1\" type=\"text\" name=\"form_fields[field_4925b7b]\" id=\"form-field-field_4925b7b\" class=\"elementor-field elementor-size-sm  elementor-field-textual\" placeholder=\"Efternavn\" required=\"required\">\n\t\t\t\t\t\t\t\t\t\t\t<\/div>\n\t\t\t\t\t\t\t\t<div class=\"elementor-field-type-email elementor-field-group elementor-column elementor-field-group-email elementor-col-100 elementor-field-required\">\n\t\t\t\t\t\t\t\t\t\t\t\t<label for=\"form-field-email\" class=\"elementor-field-label elementor-screen-only\">\n\t\t\t\t\t\t\t\tArbejds-e-mail\t\t\t\t\t\t\t<\/label>\n\t\t\t\t\t\t\t\t\t\t\t\t\t\t<input size=\"1\" type=\"email\" name=\"form_fields[email]\" id=\"form-field-email\" class=\"elementor-field elementor-size-sm  elementor-field-textual\" placeholder=\"Arbejds-e-mail\" required=\"required\">\n\t\t\t\t\t\t\t\t\t\t\t<\/div>\n\t\t\t\t\t\t\t\t<div class=\"elementor-field-type-text elementor-field-group elementor-column elementor-field-group-field_f461ff7 elementor-col-100 elementor-field-required\">\n\t\t\t\t\t\t\t\t\t\t\t\t<label for=\"form-field-field_f461ff7\" class=\"elementor-field-label elementor-screen-only\">\n\t\t\t\t\t\t\t\tVirksomhedens navn\t\t\t\t\t\t\t<\/label>\n\t\t\t\t\t\t\t\t\t\t\t\t\t\t<input size=\"1\" type=\"text\" name=\"form_fields[field_f461ff7]\" id=\"form-field-field_f461ff7\" class=\"elementor-field elementor-size-sm  elementor-field-textual\" placeholder=\"Virksomhedens navn\" required=\"required\">\n\t\t\t\t\t\t\t\t\t\t\t<\/div>\n\t\t\t\t\t\t\t\t<div class=\"elementor-field-type-html elementor-field-group elementor-column elementor-field-group-field_d5f8110 elementor-col-100\">\n\t\t\t\t\t<div class=\"additionallabel\" style=\"color: #fff; font-size: 14px;\">Land*<\/div>\n\t\t\t\t<\/div>\n\t\t\t\t\t\t\t\t<div class=\"elementor-field-type-select elementor-field-group elementor-column elementor-field-group-field_6206528 elementor-col-100 elementor-field-required\">\n\t\t\t\t\t\t\t\t\t\t\t\t<label for=\"form-field-field_6206528\" class=\"elementor-field-label elementor-screen-only\">\n\t\t\t\t\t\t\t\tV\u00e6lg land\t\t\t\t\t\t\t<\/label>\n\t\t\t\t\t\t\t\t<div class=\"elementor-field elementor-select-wrapper remove-before \">\n\t\t\t<div class=\"select-caret-down-wrapper\">\n\t\t\t\t<svg aria-hidden=\"true\" class=\"e-font-icon-svg e-eicon-caret-down\" viewBox=\"0 0 571.4 571.4\" xmlns=\"http:\/\/www.w3.org\/2000\/svg\"><path d=\"M571 393Q571 407 561 418L311 668Q300 679 286 679T261 668L11 418Q0 407 0 393T11 368 36 357H536Q550 357 561 368T571 393Z\"><\/path><\/svg>\t\t\t<\/div>\n\t\t\t<select name=\"form_fields[field_6206528]\" id=\"form-field-field_6206528\" class=\"elementor-field-textual elementor-size-sm\" required=\"required\">\n\t\t\t\t\t\t\t\t\t<option value=\".  \">V\u00e6lg venligst <\/option>\n\t\t\t\t\t\t\t\t\t<option value=\" +93\">Afghanistan <\/option>\n\t\t\t\t\t\t\t\t\t<option value=\" +355\">Albanien <\/option>\n\t\t\t\t\t\t\t\t\t<option value=\" +213\">Algeriet <\/option>\n\t\t\t\t\t\t\t\t\t<option value=\" +376\">Andorra <\/option>\n\t\t\t\t\t\t\t\t\t<option value=\" +244\">Angola <\/option>\n\t\t\t\t\t\t\t\t\t<option value=\" +1268\">Antigua og Barbuda <\/option>\n\t\t\t\t\t\t\t\t\t<option value=\" +54\">Argentina <\/option>\n\t\t\t\t\t\t\t\t\t<option value=\" +374\">Armenien <\/option>\n\t\t\t\t\t\t\t\t\t<option value=\" +61\">Australien <\/option>\n\t\t\t\t\t\t\t\t\t<option value=\" +43\">\u00d8strig <\/option>\n\t\t\t\t\t\t\t\t\t<option value=\" +994\">Aserbajdsjan <\/option>\n\t\t\t\t\t\t\t\t\t<option value=\" +1242\">Bahamas <\/option>\n\t\t\t\t\t\t\t\t\t<option value=\" +973\">Bahrain <\/option>\n\t\t\t\t\t\t\t\t\t<option value=\" +880\">Bangladesh <\/option>\n\t\t\t\t\t\t\t\t\t<option value=\" +1246\">Barbados <\/option>\n\t\t\t\t\t\t\t\t\t<option value=\" +375\">Hviderusland <\/option>\n\t\t\t\t\t\t\t\t\t<option value=\" +32\">Belgien <\/option>\n\t\t\t\t\t\t\t\t\t<option value=\" +501\">Belize <\/option>\n\t\t\t\t\t\t\t\t\t<option value=\" +229\">Benin <\/option>\n\t\t\t\t\t\t\t\t\t<option value=\" +975\">Bhutan <\/option>\n\t\t\t\t\t\t\t\t\t<option value=\" +591\">Bolivia <\/option>\n\t\t\t\t\t\t\t\t\t<option value=\" +387\">Bosnien-Hercegovina <\/option>\n\t\t\t\t\t\t\t\t\t<option value=\" +267\">Botswana <\/option>\n\t\t\t\t\t\t\t\t\t<option value=\" +55\">Brasilien <\/option>\n\t\t\t\t\t\t\t\t\t<option value=\" +673\">Brunei <\/option>\n\t\t\t\t\t\t\t\t\t<option value=\" +359\">Bulgarien <\/option>\n\t\t\t\t\t\t\t\t\t<option value=\" +226\">Burkina Faso <\/option>\n\t\t\t\t\t\t\t\t\t<option value=\" +257\">Burundi <\/option>\n\t\t\t\t\t\t\t\t\t<option value=\" +238\">Cabo Verde <\/option>\n\t\t\t\t\t\t\t\t\t<option value=\" +855\">Cambodja <\/option>\n\t\t\t\t\t\t\t\t\t<option value=\" +237\">Cameroun <\/option>\n\t\t\t\t\t\t\t\t\t<option value=\" +1\">Canada <\/option>\n\t\t\t\t\t\t\t\t\t<option value=\" +236\">Den Centralafrikanske Republik <\/option>\n\t\t\t\t\t\t\t\t\t<option value=\" +235\">Chad <\/option>\n\t\t\t\t\t\t\t\t\t<option value=\" +56\">Chile <\/option>\n\t\t\t\t\t\t\t\t\t<option value=\" +86\">Kina <\/option>\n\t\t\t\t\t\t\t\t\t<option value=\" +57\">Colombia <\/option>\n\t\t\t\t\t\t\t\t\t<option value=\" +269\">Comorerne <\/option>\n\t\t\t\t\t\t\t\t\t<option value=\" +242\">Congo <\/option>\n\t\t\t\t\t\t\t\t\t<option value=\" +243\">Congo, Den Demokratiske Republik <\/option>\n\t\t\t\t\t\t\t\t\t<option value=\" +506\">Costa Rica <\/option>\n\t\t\t\t\t\t\t\t\t<option value=\" +385\">Kroatien <\/option>\n\t\t\t\t\t\t\t\t\t<option value=\" +53\">Cuba <\/option>\n\t\t\t\t\t\t\t\t\t<option value=\" +357\">Cypern <\/option>\n\t\t\t\t\t\t\t\t\t<option value=\" +420\">Tjekkiet <\/option>\n\t\t\t\t\t\t\t\t\t<option value=\" +45\">Danmark <\/option>\n\t\t\t\t\t\t\t\t\t<option value=\" +253\">Djibouti <\/option>\n\t\t\t\t\t\t\t\t\t<option value=\" +1767\">Dominica <\/option>\n\t\t\t\t\t\t\t\t\t<option value=\" +1-809, +1-829, +1-849\">Den Dominikanske Republik <\/option>\n\t\t\t\t\t\t\t\t\t<option value=\" +670\">\u00d8sttimor <\/option>\n\t\t\t\t\t\t\t\t\t<option value=\" +593\">Ecuador <\/option>\n\t\t\t\t\t\t\t\t\t<option value=\" +20\">Egypten <\/option>\n\t\t\t\t\t\t\t\t\t<option value=\" +503\">El Salvador <\/option>\n\t\t\t\t\t\t\t\t\t<option value=\" +240\">\u00c6kvatorialguinea <\/option>\n\t\t\t\t\t\t\t\t\t<option value=\" +291\">Eritrea <\/option>\n\t\t\t\t\t\t\t\t\t<option value=\" +372\">Estland <\/option>\n\t\t\t\t\t\t\t\t\t<option value=\" +268\">Eswatini <\/option>\n\t\t\t\t\t\t\t\t\t<option value=\" +251\">Etiopien <\/option>\n\t\t\t\t\t\t\t\t\t<option value=\" +679\">Fiji <\/option>\n\t\t\t\t\t\t\t\t\t<option value=\" +358\">Finland <\/option>\n\t\t\t\t\t\t\t\t\t<option value=\" +33\">Frankrig <\/option>\n\t\t\t\t\t\t\t\t\t<option value=\" +241\">Gabon <\/option>\n\t\t\t\t\t\t\t\t\t<option value=\" +220\">Gambia <\/option>\n\t\t\t\t\t\t\t\t\t<option value=\"Georgien +995\">Georgien +995<\/option>\n\t\t\t\t\t\t\t\t\t<option value=\" +49\">Tyskland <\/option>\n\t\t\t\t\t\t\t\t\t<option value=\" +233\">Ghana <\/option>\n\t\t\t\t\t\t\t\t\t<option value=\" +30\">Gr\u00e6kenland <\/option>\n\t\t\t\t\t\t\t\t\t<option value=\" +1473\">Grenada <\/option>\n\t\t\t\t\t\t\t\t\t<option value=\" +502\">Guatemala <\/option>\n\t\t\t\t\t\t\t\t\t<option value=\" +224\">Guinea <\/option>\n\t\t\t\t\t\t\t\t\t<option value=\" +245\">Guinea-Bissau <\/option>\n\t\t\t\t\t\t\t\t\t<option value=\" +592\">Guyana <\/option>\n\t\t\t\t\t\t\t\t\t<option value=\" +509\">Haiti <\/option>\n\t\t\t\t\t\t\t\t\t<option value=\" +504\">Honduras <\/option>\n\t\t\t\t\t\t\t\t\t<option value=\" +36\">Ungarn <\/option>\n\t\t\t\t\t\t\t\t\t<option value=\" +354\">Island <\/option>\n\t\t\t\t\t\t\t\t\t<option value=\" +91\">Indien <\/option>\n\t\t\t\t\t\t\t\t\t<option value=\" +62\">Indonesien <\/option>\n\t\t\t\t\t\t\t\t\t<option value=\" +98\">Iran <\/option>\n\t\t\t\t\t\t\t\t\t<option value=\" +964\">Irak <\/option>\n\t\t\t\t\t\t\t\t\t<option value=\" +353\">Irland <\/option>\n\t\t\t\t\t\t\t\t\t<option value=\" +972\">Israel <\/option>\n\t\t\t\t\t\t\t\t\t<option value=\" +39\">Italien <\/option>\n\t\t\t\t\t\t\t\t\t<option value=\" +1876\">Jamaica <\/option>\n\t\t\t\t\t\t\t\t\t<option value=\" +81\">Japan <\/option>\n\t\t\t\t\t\t\t\t\t<option value=\" +962\">Jordan <\/option>\n\t\t\t\t\t\t\t\t\t<option value=\" +7\">Kasakhstan <\/option>\n\t\t\t\t\t\t\t\t\t<option value=\" +254\">Kenya <\/option>\n\t\t\t\t\t\t\t\t\t<option value=\" +686\">Kiribati <\/option>\n\t\t\t\t\t\t\t\t\t<option value=\" +965\">Kuwait <\/option>\n\t\t\t\t\t\t\t\t\t<option value=\" +996\">Kirgisistan <\/option>\n\t\t\t\t\t\t\t\t\t<option value=\" +856\">Laos <\/option>\n\t\t\t\t\t\t\t\t\t<option value=\" +371\">Letland <\/option>\n\t\t\t\t\t\t\t\t\t<option value=\" +961\">Libanon <\/option>\n\t\t\t\t\t\t\t\t\t<option value=\" +266\">Lesotho <\/option>\n\t\t\t\t\t\t\t\t\t<option value=\" +231\">Liberia <\/option>\n\t\t\t\t\t\t\t\t\t<option value=\" +218\">Libyen <\/option>\n\t\t\t\t\t\t\t\t\t<option value=\" +423\">Liechtenstein <\/option>\n\t\t\t\t\t\t\t\t\t<option value=\" +370\">Litauen <\/option>\n\t\t\t\t\t\t\t\t\t<option value=\" +352\">Luxembourg <\/option>\n\t\t\t\t\t\t\t\t\t<option value=\" +261\">Madagaskar <\/option>\n\t\t\t\t\t\t\t\t\t<option value=\" +265\">Malawi <\/option>\n\t\t\t\t\t\t\t\t\t<option value=\" +60\">Malaysia <\/option>\n\t\t\t\t\t\t\t\t\t<option value=\" +960\">Maldiverne <\/option>\n\t\t\t\t\t\t\t\t\t<option value=\" +223\">Mali <\/option>\n\t\t\t\t\t\t\t\t\t<option value=\" +356\">Malta <\/option>\n\t\t\t\t\t\t\t\t\t<option value=\" +692\">Marshall\u00f8erne <\/option>\n\t\t\t\t\t\t\t\t\t<option value=\" +222\">Mauretanien <\/option>\n\t\t\t\t\t\t\t\t\t<option value=\" +230\">Mauritius <\/option>\n\t\t\t\t\t\t\t\t\t<option value=\" +52\">Mexico <\/option>\n\t\t\t\t\t\t\t\t\t<option value=\" +691\">Mikronesien <\/option>\n\t\t\t\t\t\t\t\t\t<option value=\" +373\">Moldova <\/option>\n\t\t\t\t\t\t\t\t\t<option value=\" +377\">Monaco <\/option>\n\t\t\t\t\t\t\t\t\t<option value=\" +976\">Mongoliet <\/option>\n\t\t\t\t\t\t\t\t\t<option value=\" +382\">Montenegro <\/option>\n\t\t\t\t\t\t\t\t\t<option value=\" +212\">Marokko <\/option>\n\t\t\t\t\t\t\t\t\t<option value=\" +258\">Mozambique <\/option>\n\t\t\t\t\t\t\t\t\t<option value=\" +95\">Myanmar <\/option>\n\t\t\t\t\t\t\t\t\t<option value=\" +264\">Namibia <\/option>\n\t\t\t\t\t\t\t\t\t<option value=\" +674\">Nauru <\/option>\n\t\t\t\t\t\t\t\t\t<option value=\" +977\">Nepal <\/option>\n\t\t\t\t\t\t\t\t\t<option value=\" +31\">Holland <\/option>\n\t\t\t\t\t\t\t\t\t<option value=\" +64\">New Zealand <\/option>\n\t\t\t\t\t\t\t\t\t<option value=\" +505\">Nicaragua <\/option>\n\t\t\t\t\t\t\t\t\t<option value=\" +227\">Niger <\/option>\n\t\t\t\t\t\t\t\t\t<option value=\" +234\">Nigeria <\/option>\n\t\t\t\t\t\t\t\t\t<option value=\" +389\">Nordmakedonien <\/option>\n\t\t\t\t\t\t\t\t\t<option value=\" +47\">Norge <\/option>\n\t\t\t\t\t\t\t\t\t<option value=\" +968\">Oman <\/option>\n\t\t\t\t\t\t\t\t\t<option value=\" +92\">Pakistan <\/option>\n\t\t\t\t\t\t\t\t\t<option value=\" +680\">Palau <\/option>\n\t\t\t\t\t\t\t\t\t<option value=\" +507\">Panama <\/option>\n\t\t\t\t\t\t\t\t\t<option value=\" +675\">Papua Ny Guinea <\/option>\n\t\t\t\t\t\t\t\t\t<option value=\" +595\">Paraguay <\/option>\n\t\t\t\t\t\t\t\t\t<option value=\" +51\">Peru <\/option>\n\t\t\t\t\t\t\t\t\t<option value=\" +63\">Filippinerne <\/option>\n\t\t\t\t\t\t\t\t\t<option value=\" +48\">Polen <\/option>\n\t\t\t\t\t\t\t\t\t<option value=\" +351\">Portugal <\/option>\n\t\t\t\t\t\t\t\t\t<option value=\" +974\">Qatar <\/option>\n\t\t\t\t\t\t\t\t\t<option value=\" +40\">Rum\u00e6nien <\/option>\n\t\t\t\t\t\t\t\t\t<option value=\" +7\">Rusland <\/option>\n\t\t\t\t\t\t\t\t\t<option value=\" +250\">Rwanda <\/option>\n\t\t\t\t\t\t\t\t\t<option value=\" +1869\">Saint Kitts og Nevis <\/option>\n\t\t\t\t\t\t\t\t\t<option value=\" +1758\">Saint Lucia <\/option>\n\t\t\t\t\t\t\t\t\t<option value=\" +1784\">Saint Vincent og Grenadinerne <\/option>\n\t\t\t\t\t\t\t\t\t<option value=\" +685\">Samoa <\/option>\n\t\t\t\t\t\t\t\t\t<option value=\" +378\">San Marino <\/option>\n\t\t\t\t\t\t\t\t\t<option value=\" +239\">Sao Tome og Principe <\/option>\n\t\t\t\t\t\t\t\t\t<option value=\" +966\">Saudi-Arabien <\/option>\n\t\t\t\t\t\t\t\t\t<option value=\" +221\">Senegal <\/option>\n\t\t\t\t\t\t\t\t\t<option value=\" +381\">Serbien <\/option>\n\t\t\t\t\t\t\t\t\t<option value=\" +248\">Seychellerne <\/option>\n\t\t\t\t\t\t\t\t\t<option value=\" +232\">Sierra Leone <\/option>\n\t\t\t\t\t\t\t\t\t<option value=\" +65\">Singapore <\/option>\n\t\t\t\t\t\t\t\t\t<option value=\" +421\">Slovakiet <\/option>\n\t\t\t\t\t\t\t\t\t<option value=\" +386\">Slovenien <\/option>\n\t\t\t\t\t\t\t\t\t<option value=\" +677\">Salomon\u00f8erne <\/option>\n\t\t\t\t\t\t\t\t\t<option value=\" +252\">Somalia <\/option>\n\t\t\t\t\t\t\t\t\t<option value=\" +27\">Sydafrika <\/option>\n\t\t\t\t\t\t\t\t\t<option value=\" +82\">Sydkorea <\/option>\n\t\t\t\t\t\t\t\t\t<option value=\" +211\">Sydsudan <\/option>\n\t\t\t\t\t\t\t\t\t<option value=\" +34\">Spanien <\/option>\n\t\t\t\t\t\t\t\t\t<option value=\" +94\">Sri Lanka <\/option>\n\t\t\t\t\t\t\t\t\t<option value=\" +249\">Sudan <\/option>\n\t\t\t\t\t\t\t\t\t<option value=\" +597\">Surinam <\/option>\n\t\t\t\t\t\t\t\t\t<option value=\" +46\">Sverige <\/option>\n\t\t\t\t\t\t\t\t\t<option value=\" +41\">Schweiz <\/option>\n\t\t\t\t\t\t\t\t\t<option value=\" +963\">Syrien <\/option>\n\t\t\t\t\t\t\t\t\t<option value=\" +886\">Taiwan <\/option>\n\t\t\t\t\t\t\t\t\t<option value=\" +992\">Tadsjikistan <\/option>\n\t\t\t\t\t\t\t\t\t<option value=\" +255\">Tanzania <\/option>\n\t\t\t\t\t\t\t\t\t<option value=\" +66\">Thailand <\/option>\n\t\t\t\t\t\t\t\t\t<option value=\" +228\">Togo <\/option>\n\t\t\t\t\t\t\t\t\t<option value=\" +676\">Tonga <\/option>\n\t\t\t\t\t\t\t\t\t<option value=\" +1868\">Trinidad og Tobago <\/option>\n\t\t\t\t\t\t\t\t\t<option value=\" +216\">Tunesien <\/option>\n\t\t\t\t\t\t\t\t\t<option value=\" +90\">Tyrkiet <\/option>\n\t\t\t\t\t\t\t\t\t<option value=\" +993\">Turkmenistan <\/option>\n\t\t\t\t\t\t\t\t\t<option value=\" +688\">Tuvalu <\/option>\n\t\t\t\t\t\t\t\t\t<option value=\" +256\">Uganda <\/option>\n\t\t\t\t\t\t\t\t\t<option value=\" +380\">Ukraine <\/option>\n\t\t\t\t\t\t\t\t\t<option value=\" +971\">Forenede Arabiske Emirater <\/option>\n\t\t\t\t\t\t\t\t\t<option value=\" +44\">Storbritannien <\/option>\n\t\t\t\t\t\t\t\t\t<option value=\" +1\">USA <\/option>\n\t\t\t\t\t\t\t\t\t<option value=\" +598\">Uruguay <\/option>\n\t\t\t\t\t\t\t\t\t<option value=\" +998\">Usbekistan <\/option>\n\t\t\t\t\t\t\t\t\t<option value=\" +678\">Vanuatu <\/option>\n\t\t\t\t\t\t\t\t\t<option value=\" +379\">Vatikanstaten <\/option>\n\t\t\t\t\t\t\t\t\t<option value=\" +58\">Venezuela <\/option>\n\t\t\t\t\t\t\t\t\t<option value=\" +84\">Vietnam <\/option>\n\t\t\t\t\t\t\t\t\t<option value=\" +967\">Yemen <\/option>\n\t\t\t\t\t\t\t\t\t<option value=\" +260\">Zambia <\/option>\n\t\t\t\t\t\t\t\t\t<option value=\" +263\">Zimbabwe <\/option>\n\t\t\t\t\t\t\t\t\t<option value=\"\"><\/option>\n\t\t\t\t\t\t\t<\/select>\n\t\t<\/div>\n\t\t\t\t\t\t<\/div>\n\t\t\t\t\t\t\t\t<div class=\"elementor-field-type-number elementor-field-group elementor-column elementor-field-group-field_e5b98a7 elementor-col-100 elementor-field-required\">\n\t\t\t\t\t\t\t\t\t\t\t\t<label for=\"form-field-field_e5b98a7\" class=\"elementor-field-label elementor-screen-only\">\n\t\t\t\t\t\t\t\tTelefonnummer\t\t\t\t\t\t\t<\/label>\n\t\t\t\t\t\t\t\t\t<input type=\"number\" name=\"form_fields[field_e5b98a7]\" id=\"form-field-field_e5b98a7\" class=\"elementor-field elementor-size-sm  elementor-field-textual\" placeholder=\"Telefonnummer\" required=\"required\" min=\"\" max=\"\" >\n\t\t\t\t\t\t<\/div>\n\t\t\t\t\t\t\t\t<div class=\"elementor-field-type-text elementor-field-group elementor-column elementor-field-group-field_af64b6c elementor-col-100 elementor-field-required\">\n\t\t\t\t\t\t\t\t\t\t\t\t<label for=\"form-field-field_af64b6c\" class=\"elementor-field-label elementor-screen-only\">\n\t\t\t\t\t\t\t\tOprindelse:  \t\t\t\t\t\t\t<\/label>\n\t\t\t\t\t\t\t\t\t\t\t\t\t\t<input size=\"1\" type=\"text\" name=\"form_fields[field_af64b6c]\" id=\"form-field-field_af64b6c\" class=\"elementor-field elementor-size-sm  elementor-field-textual\" placeholder=\"Hvordan har du h\u00f8rt om os?\" required=\"required\">\n\t\t\t\t\t\t\t\t\t\t\t<\/div>\n\t\t\t\t\t\t\t\t<div class=\"elementor-field-type-textarea elementor-field-group elementor-column elementor-field-group-field_4c702aa elementor-col-100 elementor-field-required\">\n\t\t\t\t\t\t\t\t\t\t\t\t<label for=\"form-field-field_4c702aa\" class=\"elementor-field-label elementor-screen-only\">\n\t\t\t\t\t\t\t\tBesked\t\t\t\t\t\t\t<\/label>\n\t\t\t\t\t\t<textarea class=\"elementor-field-textual elementor-field  elementor-size-sm\" name=\"form_fields[field_4c702aa]\" id=\"form-field-field_4c702aa\" rows=\"4\" placeholder=\"Besked ...\" required=\"required\"><\/textarea>\t\t\t\t<\/div>\n\t\t\t\t\t\t\t\t<div class=\"elementor-field-type-text\">\n\t\t\t\t\t<input size=\"1\" type=\"text\" name=\"form_fields[field_eac9617]\" id=\"form-field-field_eac9617\" class=\"elementor-field elementor-size-sm \" style=\"display:none !important;\">\t\t\t\t<\/div>\n\t\t\t\t\t\t\t\t<div class=\"elementor-field-group elementor-column elementor-field-type-submit elementor-col-100 e-form__buttons\">\n\t\t\t\t\t<button class=\"elementor-button elementor-size-sm\" type=\"submit\">\n\t\t\t\t\t\t<span class=\"elementor-button-content-wrapper\">\n\t\t\t\t\t\t\t\t\t\t\t\t\t\t\t\t\t\t\t\t\t\t<span class=\"elementor-button-text\">Anmod om demo<\/span>\n\t\t\t\t\t\t\t\t\t\t\t\t\t<\/span>\n\t\t\t\t\t<\/button>\n\t\t\t\t<\/div>\n\t\t\t<\/div>\n\t\t<\/form>\n\t\t\t\t\t\t<\/div>\n\t\t\t\t<\/div>\n\t\t\t\t<div class=\"elementor-element elementor-element-3503c3c elementor-widget elementor-widget-text-editor\" data-id=\"3503c3c\" data-element_type=\"widget\" data-e-type=\"widget\" data-widget_type=\"text-editor.default\">\n\t\t\t\t<div class=\"elementor-widget-container\">\n\t\t\t\t\t\t\t\t\t<p>Ved at udfylde og indsende formularen vil du modtage information, tips og kampagner fra AGR. Hvis du vil vide mere om, hvordan AGR bruger dine oplysninger, kan du se vores <a href=\"https:\/\/www.agrinventory.com\/da\/privatlivspolitik\/\">privatlivspolitik<\/a>. <\/p>\t\t\t\t\t\t\t\t<\/div>\n\t\t\t\t<\/div>\n\t\t\t\t<\/div>\n\t\t\t\t<\/div>\n\t\t\t\t<\/div>\n\t\t\t\t<\/div>\n\t\t","protected":false},"excerpt":{"rendered":"<p>Samarbejd med AGR om at f\u00e5 din virksomhed til at vokse og levere enest\u00e5ende supply chain-l\u00f8sninger.<\/p>\n","protected":false},"author":1,"featured_media":0,"parent":0,"menu_order":14,"comment_status":"closed","ping_status":"closed","template":"elementor_header_footer","meta":{"_acf_changed":false,"content-type":"","footnotes":""},"class_list":["post-11466","page","type-page","status-publish","hentry"],"acf":[],"_links":{"self":[{"href":"https:\/\/www.agrinventory.com\/da\/wp-json\/wp\/v2\/pages\/11466","targetHints":{"allow":["GET"]}}],"collection":[{"href":"https:\/\/www.agrinventory.com\/da\/wp-json\/wp\/v2\/pages"}],"about":[{"href":"https:\/\/www.agrinventory.com\/da\/wp-json\/wp\/v2\/types\/page"}],"author":[{"embeddable":true,"href":"https:\/\/www.agrinventory.com\/da\/wp-json\/wp\/v2\/users\/1"}],"replies":[{"embeddable":true,"href":"https:\/\/www.agrinventory.com\/da\/wp-json\/wp\/v2\/comments?post=11466"}],"version-history":[{"count":0,"href":"https:\/\/www.agrinventory.com\/da\/wp-json\/wp\/v2\/pages\/11466\/revisions"}],"wp:attachment":[{"href":"https:\/\/www.agrinventory.com\/da\/wp-json\/wp\/v2\/media?parent=11466"}],"curies":[{"name":"wp","href":"https:\/\/api.w.org\/{rel}","templated":true}]}}