{"id":13206,"date":"2023-01-20T00:00:00","date_gmt":"2023-01-20T00:00:00","guid":{"rendered":"https:\/\/www.agrinventory.com\/cookie-policy\/"},"modified":"2025-10-16T23:17:48","modified_gmt":"2025-10-16T23:17:48","slug":"cookie-policy","status":"publish","type":"page","link":"https:\/\/www.agrinventory.com\/da\/cookie-politik\/","title":{"rendered":"Cookie-politik"},"content":{"rendered":"\t\t<div data-elementor-type=\"wp-page\" data-elementor-id=\"13206\" class=\"elementor elementor-13206 elementor-444\" data-elementor-post-type=\"page\">\n\t\t\t\t<div class=\"elementor-element elementor-element-101dc4b4 e-flex e-con-boxed e-con e-parent\" data-id=\"101dc4b4\" data-element_type=\"container\" data-e-type=\"container\">\n\t\t\t\t\t<div class=\"e-con-inner\">\n\t\t\t\t<div class=\"elementor-element elementor-element-15896185 elementor-widget elementor-widget-text-editor\" data-id=\"15896185\" data-element_type=\"widget\" data-e-type=\"widget\" data-widget_type=\"text-editor.default\">\n\t\t\t\t<div class=\"elementor-widget-container\">\n\t\t\t\t\t\t\t\t\t\n<p>Cookies er sm\u00e5 tekstfiler, som placeres p\u00e5 din computer af de hjemmesider, du bes\u00f8ger. De bruges til at f\u00e5 hjemmesider til at fungere, til at forbedre effektiviteten af hjemmesider, til at forbedre brugerens oplevelse og til at give oplysninger om brugen af hjemmesider. Disse oplysninger skal g\u00f8re dine bes\u00f8g p\u00e5 hjemmesiden mere produktive ved at gemme og bruge oplysninger om dine pr\u00e6ferencer og vaner p\u00e5 hjemmesiden.  <\/p>\n\n<p>Din webbrowser kan v\u00e6lge, om du vil acceptere cookies eller ej. De fleste webbrowsere er som udgangspunkt indstillet til at acceptere dem. <\/p>\n\n<p>Vi kan tilbyde dig cookies, og du b\u00f8r sikre dig, at din webbrowser er indstillet til ikke at acceptere cookies, hvis du ikke \u00f8nsker at modtage dem. Bem\u00e6rk, at hvis du deaktiverer cookies, vil nogle tjenester eller webstedsfunktioner muligvis ikke v\u00e6re tilg\u00e6ngelige. For yderligere oplysninger om cookies, og hvordan du deaktiverer dem, skal du g\u00e5 til <g id=\"gid_0\">aboutcookies.org.<\/g> Vi bruger f\u00f8lgende cookies:   <\/p>\n\n<ul class=\"wp-block-list\">\n<li><strong>Essentielle cookies:<\/strong> Dette er cookies, der er n\u00f8dvendige for driften af vores hjemmeside. De omfatter f.eks. cookies, der g\u00f8r det muligt for dig at logge ind p\u00e5 sikre omr\u00e5der af vores hjemmeside og at bruge onlineformularer. <\/li>\n\n<li><strong>Analytiske cookies:<\/strong> De giver os mulighed for at genkende og t\u00e6lle antallet af bes\u00f8gende og se, hvordan de bev\u00e6ger sig rundt p\u00e5 vores hjemmeside, n\u00e5r de bruger den. Det hj\u00e6lper os med at forbedre den m\u00e5de, vores hjemmeside fungerer p\u00e5, f.eks. ved at sikre, at brugerne nemt finder det, de leder efter. <\/li>\n\n<li><strong>Marketingcookies:<\/strong> Disse bruges til at genkende dig, n\u00e5r du vender tilbage til vores hjemmeside. Det g\u00f8r det muligt for os at tilpasse vores indhold til dig, hilse p\u00e5 dig ved navn og huske dine pr\u00e6ferencer. Disse cookies registrerer ogs\u00e5 dit bes\u00f8g p\u00e5 vores hjemmeside, de sider, du har bes\u00f8gt, og de links, du har fulgt. Vi bruger disse oplysninger til at g\u00f8re vores hjemmeside, de reklamer, der vises p\u00e5 den, og den kommunikation, der sendes, mere relevant for dine interesser.   <\/li>\n<\/ul>\n\n<p>Ved at forts\u00e6tte med at bruge dette websted accepterer du vores brug af disse cookies, der g\u00f8r reklamer og kommunikation mere relevant for dig og dine interesser og hj\u00e6lper os med at forbedre webstedet yderligere.<\/p>\n\t\t\t\t\t\t\t\t<\/div>\n\t\t\t\t<\/div>\n\t\t\t\t\t<\/div>\n\t\t\t\t<\/div>\n\t\t\t\t<\/div>\n\t\t","protected":false},"excerpt":{"rendered":"<p>L\u00e6s om, hvordan AGR bruger cookies til at forbedre din browseroplevelse og servicekvalitet.<\/p>\n","protected":false},"author":1,"featured_media":0,"parent":0,"menu_order":15,"comment_status":"closed","ping_status":"closed","template":"","meta":{"_acf_changed":false,"content-type":"","footnotes":""},"class_list":["post-13206","page","type-page","status-publish","hentry"],"acf":[],"_links":{"self":[{"href":"https:\/\/www.agrinventory.com\/da\/wp-json\/wp\/v2\/pages\/13206","targetHints":{"allow":["GET"]}}],"collection":[{"href":"https:\/\/www.agrinventory.com\/da\/wp-json\/wp\/v2\/pages"}],"about":[{"href":"https:\/\/www.agrinventory.com\/da\/wp-json\/wp\/v2\/types\/page"}],"author":[{"embeddable":true,"href":"https:\/\/www.agrinventory.com\/da\/wp-json\/wp\/v2\/users\/1"}],"replies":[{"embeddable":true,"href":"https:\/\/www.agrinventory.com\/da\/wp-json\/wp\/v2\/comments?post=13206"}],"version-history":[{"count":0,"href":"https:\/\/www.agrinventory.com\/da\/wp-json\/wp\/v2\/pages\/13206\/revisions"}],"wp:attachment":[{"href":"https:\/\/www.agrinventory.com\/da\/wp-json\/wp\/v2\/media?parent=13206"}],"curies":[{"name":"wp","href":"https:\/\/api.w.org\/{rel}","templated":true}]}}