{"id":13209,"date":"2023-01-20T00:00:00","date_gmt":"2023-01-20T00:00:00","guid":{"rendered":"https:\/\/www.agrinventory.com\/privacy-policy\/"},"modified":"2025-10-16T23:17:41","modified_gmt":"2025-10-16T23:17:41","slug":"politik-om-beskyttelse-af-personlige-oplysninger","status":"publish","type":"page","link":"https:\/\/www.agrinventory.com\/da\/privatlivspolitik\/","title":{"rendered":"Politik for beskyttelse"},"content":{"rendered":"\t\t<div data-elementor-type=\"wp-page\" data-elementor-id=\"13209\" class=\"elementor elementor-13209 elementor-452\" data-elementor-post-type=\"page\">\n\t\t\t\t<div class=\"elementor-element elementor-element-6672c25 e-flex e-con-boxed e-con e-parent\" data-id=\"6672c25\" data-element_type=\"container\" data-e-type=\"container\">\n\t\t\t\t\t<div class=\"e-con-inner\">\n\t\t\t\t<div class=\"elementor-element elementor-element-9efc632 elementor-widget elementor-widget-text-editor\" data-id=\"9efc632\" data-element_type=\"widget\" data-e-type=\"widget\" data-widget_type=\"text-editor.default\">\n\t\t\t\t<div class=\"elementor-widget-container\">\n\t\t\t\t\t\t\t\t\t<p class=\"wp-block-heading\"><strong>Form\u00e5l<\/strong>  <\/p><p>Dit privatliv er meget vigtigt for AGR, og vi tager sikkerheden af de data, som virksomheden h\u00e5ndterer, alvorligt. Denne privatlivspolitik beskriver, hvilke data AGR indsamler, og hvordan AGR h\u00e5ndterer og behandler sine kunders og andres personlige oplysninger. Denne politik d\u00e6kker personlige oplysninger, uanset hvordan de indsamles og opbevares.    <\/p><p><strong>Personoplysninger, som AGR indsamler<\/strong><\/p><p>Personlige data er alle oplysninger om en identificeret eller identificerbar person. En person anses for at v\u00e6re personligt identificerbar, hvis han eller hun kan identificeres direkte eller indirekte med henvisning til identifikatorer som navn, ID-nummer, lokaliseringsdata og online-identitet eller en eller flere faktorer, der karakteriserer en person fysisk, fysiologisk, genetisk, mentalt, materielt, kulturelt eller socialt.   <\/p><p>AGR indsamler data fra dig gennem vores interaktioner med dig og gennem vores produkter. Du leverer nogle af disse data direkte, og vi f\u00e5r nogle af dem ved at indsamle data om dine interaktioner, brug og oplevelser med vores produkter. De data, vi indsamler, afh\u00e6nger af konteksten for dine interaktioner med AGR og de valg, du tr\u00e6ffer, herunder dine privatlivsindstillinger og de produkter og funktioner, du bruger.    <\/p><p>N\u00e5r vi beder dig om at angive personlige data, kan du afvise det. Mange af vores produkter kr\u00e6ver nogle personlige data for at give dig en tjeneste. Hvis du v\u00e6lger ikke at give de data, der kr\u00e6ves for at give dig et produkt eller en funktion, kan du ikke bruge det p\u00e5g\u00e6ldende produkt eller den p\u00e5g\u00e6ldende funktion. Hvis AGR er n\u00f8dt til at indsamle personoplysninger i henhold til loven eller for at indg\u00e5 eller udf\u00f8re en kontrakt med dig, og du ikke oplyser oplysningerne, vil vi ikke kunne indg\u00e5 kontrakten.     <\/p>\t\t\t\t\t\t\t\t<\/div>\n\t\t\t\t<\/div>\n\t\t\t\t<div class=\"elementor-element elementor-element-c46421b elementor-widget elementor-widget-text-editor\" data-id=\"c46421b\" data-element_type=\"widget\" data-e-type=\"widget\" data-widget_type=\"text-editor.default\">\n\t\t\t\t<div class=\"elementor-widget-container\">\n\t\t\t\t\t\t\t\t\t<p><strong>Juridisk forpligtelse<\/strong> <\/p><p>Vi sikrer, at alle vores aktiviteter er i overensstemmelse med g\u00e6ldende lovgivning om databeskyttelse og behandling af personoplysninger, is\u00e6r lov nr. 90\/2018. Databeskyttelse er vigtig for os, og vi bestr\u00e6ber os p\u00e5 at f\u00f8lge alle love og regler i forbindelse med databeskyttelse.   <\/p><p>I princippet fungerer AGR som databehandler p\u00e5 vegne af de kunder, der har indg\u00e5et serviceaftaler med AGR. AGR&#8217;s kunder er dataansvarlige for behandlingen i henhold til lovgivningen om beskyttelse af personoplysninger.   <\/p><p>AGR kan ogs\u00e5 fungere som en controller. For eksempel er AGR ansvarlig for kommunikationen med sine kunder i forbindelse med eksisterende eller planlagte transaktioner ved at indsamle kontaktoplysninger, som kunden giver til AGR, eller som er offentlige. Som dataansvarlig m\u00e5 AGR kun behandle personlige oplysninger baseret p\u00e5 klare tilladelser i lovgivningen om beskyttelse af personoplysninger. En s\u00e5dan behandling er baseret p\u00e5 samtykke fra enkeltpersoner, kontrakter eller legitime interesser.     <\/p><p><strong>Hvordan sikres sikkerheden af personlige oplysninger?<\/strong> <\/p><p>Vi m\u00e5 kun indsamle, behandle og dele personlige oplysninger p\u00e5 en retf\u00e6rdig og lovlig m\u00e5de og kun til specifikt definerede form\u00e5l. Som databehandler tr\u00e6ffer AGR passende tekniske og organisatoriske foranstaltninger for at sikre tilstr\u00e6kkelig sikkerhed for personlige oplysninger. Personlige oplysninger opbevares og behandles sikkert i overensstemmelse med AGR&#8217;s politikker for informationssikkerhed og databeskyttelse.    <\/p><p><strong>Opbevaring af personlige oplysninger<\/strong> <\/p><p>Personlige oplysninger vil kun blive opbevaret, s\u00e5 l\u00e6nge det er n\u00f8dvendigt, medmindre andet er tilladt eller p\u00e5kr\u00e6vet ved lov. AGR opbevarer personoplysninger som databehandler, s\u00e5 l\u00e6nge behandlingsaftaler foreskriver det og i overensstemmelse med loven.   <\/p><p><strong>\u00c6ndringer i politikken<\/strong> <\/p><p>Denne privatlivspolitik kan \u00e6ndres p\u00e5 grund af nye lovbestemmelser eller \u00e6ndringer i tilsynsmyndighedernes fortolkning af implementeringen af databeskyttelseslovgivningen. AGR forbeholder sig ret til at gennemg\u00e5 privatlivspolitikken regelm\u00e6ssigt, og hvis det er specifikt p\u00e5kr\u00e6vet. Alle \u00e6ndringer af politikken vil blive offentliggjort p\u00e5 AGR&#8217;s hjemmeside og vil tr\u00e6de i kraft ved offentligg\u00f8relsen.    <\/p><p><strong>Kontakt os<\/strong> <\/p><p>Eventuelle sp\u00f8rgsm\u00e5l vedr\u00f8rende h\u00e5ndtering af personoplysninger og AGR&#8217;s privatlivspolitik bedes sendt via e-mail til <a href=\"mailto:malito:info@agrinventory.com\">info@agrinventory.com<\/a>.  <\/p>\t\t\t\t\t\t\t\t<\/div>\n\t\t\t\t<\/div>\n\t\t\t\t\t<\/div>\n\t\t\t\t<\/div>\n\t\t\t\t<\/div>\n\t\t","protected":false},"excerpt":{"rendered":"<p>F\u00e5 mere at vide om vores forpligtelse til at beskytte dit privatliv, og hvordan vi h\u00e5ndterer personoplysninger hos AGR.<\/p>\n","protected":false},"author":1,"featured_media":0,"parent":0,"menu_order":18,"comment_status":"closed","ping_status":"closed","template":"","meta":{"_acf_changed":false,"content-type":"","footnotes":""},"class_list":["post-13209","page","type-page","status-publish","hentry"],"acf":[],"_links":{"self":[{"href":"https:\/\/www.agrinventory.com\/da\/wp-json\/wp\/v2\/pages\/13209","targetHints":{"allow":["GET"]}}],"collection":[{"href":"https:\/\/www.agrinventory.com\/da\/wp-json\/wp\/v2\/pages"}],"about":[{"href":"https:\/\/www.agrinventory.com\/da\/wp-json\/wp\/v2\/types\/page"}],"author":[{"embeddable":true,"href":"https:\/\/www.agrinventory.com\/da\/wp-json\/wp\/v2\/users\/1"}],"replies":[{"embeddable":true,"href":"https:\/\/www.agrinventory.com\/da\/wp-json\/wp\/v2\/comments?post=13209"}],"version-history":[{"count":0,"href":"https:\/\/www.agrinventory.com\/da\/wp-json\/wp\/v2\/pages\/13209\/revisions"}],"wp:attachment":[{"href":"https:\/\/www.agrinventory.com\/da\/wp-json\/wp\/v2\/media?parent=13209"}],"curies":[{"name":"wp","href":"https:\/\/api.w.org\/{rel}","templated":true}]}}