{"id":33781,"date":"2023-01-16T00:00:00","date_gmt":"2023-01-16T00:00:00","guid":{"rendered":"https:\/\/www.agrinventory.com\/anmod-om-priser-formular\/"},"modified":"2026-03-05T14:46:27","modified_gmt":"2026-03-05T14:46:27","slug":"anmod-om-priser-formular","status":"publish","type":"page","link":"https:\/\/www.agrinventory.com\/da\/anmod-om-priser-formular\/","title":{"rendered":"Anmod om priser | Formular"},"content":{"rendered":"\t\t<div data-elementor-type=\"wp-page\" data-elementor-id=\"33781\" class=\"elementor elementor-33781 elementor-446\" data-elementor-post-type=\"page\">\n\t\t\t\t<div class=\"elementor-element elementor-element-47a5026 animated-slow e-flex e-con-boxed elementor-invisible e-con e-child\" data-id=\"47a5026\" data-element_type=\"container\" data-e-type=\"container\" data-settings=\"{&quot;animation&quot;:&quot;fadeIn&quot;,&quot;background_background&quot;:&quot;classic&quot;}\">\n\t\t\t\t\t<div class=\"e-con-inner\">\n\t\t<div class=\"elementor-element elementor-element-2805a9e e-con-full download e-flex e-con e-child\" data-id=\"2805a9e\" data-element_type=\"container\" data-e-type=\"container\">\n\t\t\t\t<div class=\"elementor-element elementor-element-d329975 elementor-widget__width-auto elementor-widget elementor-widget-heading\" data-id=\"d329975\" data-element_type=\"widget\" data-e-type=\"widget\" data-widget_type=\"heading.default\">\n\t\t\t\t<div class=\"elementor-widget-container\">\n\t\t\t\t\t<h1 class=\"elementor-heading-title elementor-size-default\">Anmod om priser<\/h1>\t\t\t\t<\/div>\n\t\t\t\t<\/div>\n\t\t\t\t<div class=\"elementor-element elementor-element-7e08f90 elementor-widget elementor-widget-heading\" data-id=\"7e08f90\" data-element_type=\"widget\" data-e-type=\"widget\" data-widget_type=\"heading.default\">\n\t\t\t\t<div class=\"elementor-widget-container\">\n\t\t\t\t\t<h2 class=\"elementor-heading-title elementor-size-default\">Se, hvor overkommelig v\u00e6kst kan v\u00e6re - bed om priser i dag<\/h2>\t\t\t\t<\/div>\n\t\t\t\t<\/div>\n\t\t\t\t<div class=\"elementor-element elementor-element-ab7a640 elementor-widget elementor-widget-text-editor\" data-id=\"ab7a640\" data-element_type=\"widget\" data-e-type=\"widget\" data-widget_type=\"text-editor.default\">\n\t\t\t\t<div class=\"elementor-widget-container\">\n\t\t\t\t\t\t\t\t\t<p>Med AGR betaler du kun for det, du har brug for til at optimere dit lager.  <span style=\"white-space-collapse: preserve;\">Uanset din lagerv\u00e6rdi, forsyningsk\u00e6dens kompleksitet eller antallet af lokationer &#8211; AGR har en l\u00f8sning, der passer til dig.<\/span> <\/p><ul><li>Vi tilbyder abonnementsbaserede priser for at opfylde dine n\u00f8jagtige forretningskrav.<\/li><li>Det kan nemt integreres med ethvert ERP-system, s\u00e5 du kan f\u00e5 mest muligt ud af din tid, kapital og ressourcer i hele din forsyningsk\u00e6de.<\/li><\/ul>\t\t\t\t\t\t\t\t<\/div>\n\t\t\t\t<\/div>\n\t\t<div class=\"elementor-element elementor-element-ce2c87f e-con-full elementor-hidden-mobile e-flex e-con e-child\" data-id=\"ce2c87f\" data-element_type=\"container\" data-e-type=\"container\">\n\t\t\t\t<div class=\"elementor-element elementor-element-6354427 elementor-widget__width-initial elementor-widget-widescreen__width-inherit elementor-widget elementor-widget-heading\" data-id=\"6354427\" data-element_type=\"widget\" data-e-type=\"widget\" data-widget_type=\"heading.default\">\n\t\t\t\t<div class=\"elementor-widget-container\">\n\t\t\t\t\t<h2 class=\"elementor-heading-title elementor-size-default\">Den dokumenterede leder inden for lageroptimering  <\/h2>\t\t\t\t<\/div>\n\t\t\t\t<\/div>\n\t\t<div class=\"elementor-element elementor-element-18833df e-grid e-con-full e-con e-child\" data-id=\"18833df\" data-element_type=\"container\" data-e-type=\"container\">\n\t\t\t\t<div class=\"elementor-element elementor-element-0a5dd6a elementor-widget elementor-widget-image\" data-id=\"0a5dd6a\" data-element_type=\"widget\" data-e-type=\"widget\" data-widget_type=\"image.default\">\n\t\t\t\t<div class=\"elementor-widget-container\">\n\t\t\t\t\t\t\t\t\t\t\t\t\t\t\t<img loading=\"lazy\" decoding=\"async\" loading=\"lazy\" width=\"94\" height=\"122\" src=\"https:\/\/www.agrinventory.com\/wp-content\/uploads\/2024\/10\/InventoryControl_Leader_Leader.svg\" class=\"attachment-full size-full wp-image-17327\" alt=\"G2 AGR Leader lagerstyring\" title=\"\">\t\t\t\t\t\t\t\t\t\t\t\t\t\t\t<\/div>\n\t\t\t\t<\/div>\n\t\t\t\t<div class=\"elementor-element elementor-element-b63fdb4 elementor-widget elementor-widget-image\" data-id=\"b63fdb4\" data-element_type=\"widget\" data-e-type=\"widget\" data-widget_type=\"image.default\">\n\t\t\t\t<div class=\"elementor-widget-container\">\n\t\t\t\t\t\t\t\t\t\t\t\t\t\t\t<img loading=\"lazy\" decoding=\"async\" loading=\"lazy\" width=\"94\" height=\"122\" src=\"https:\/\/www.agrinventory.com\/wp-content\/uploads\/2024\/10\/DemandPlanning_BestSupport_QualityOfSupport.svg\" class=\"attachment-full size-full wp-image-17331\" alt=\"AGR G2 Bedste st\u00f8tte 2024\" title=\"\">\t\t\t\t\t\t\t\t\t\t\t\t\t\t\t<\/div>\n\t\t\t\t<\/div>\n\t\t\t\t<div class=\"elementor-element elementor-element-b5af4a1 elementor-widget elementor-widget-image\" data-id=\"b5af4a1\" data-element_type=\"widget\" data-e-type=\"widget\" data-widget_type=\"image.default\">\n\t\t\t\t<div class=\"elementor-widget-container\">\n\t\t\t\t\t\t\t\t\t\t\t\t\t\t\t<img loading=\"lazy\" decoding=\"async\" loading=\"lazy\" width=\"94\" height=\"122\" src=\"https:\/\/www.agrinventory.com\/wp-content\/uploads\/2024\/06\/InventoryControl_EasiestToDoBusinessWith_EaseOfDoingBusinessWith.svg\" class=\"attachment-full size-full wp-image-16854\" alt=\"AGR G2 er nemmest at g\u00f8re forretninger med\" title=\"\">\t\t\t\t\t\t\t\t\t\t\t\t\t\t\t<\/div>\n\t\t\t\t<\/div>\n\t\t\t\t<\/div>\n\t\t\t\t<\/div>\n\t\t\t\t<\/div>\n\t\t<div class=\"elementor-element elementor-element-90a9788 e-con-full e-flex e-con e-child\" data-id=\"90a9788\" data-element_type=\"container\" data-e-type=\"container\" data-settings=\"{&quot;background_background&quot;:&quot;classic&quot;}\">\n\t\t\t\t<div class=\"elementor-element elementor-element-aa60683 elementor-widget elementor-widget-html\" data-id=\"aa60683\" data-element_type=\"widget\" data-e-type=\"widget\" data-widget_type=\"html.default\">\n\t\t\t\t<div class=\"elementor-widget-container\">\n\t\t\t\t\t<script charset=\"utf-8\" type=\"text\/javascript\" src=\"\/\/js.hsforms.net\/forms\/embed\/v2.js\"><\/script>\r\n<script>\r\n  hbspt.forms.create({\r\n    region: \"na1\",\r\n    portalId: \"8543714\",\r\n    formId: \"3469a2cd-22c8-4ee3-88a4-f209ccf23304\"\r\n  });\r\n<\/script>\t\t\t\t<\/div>\n\t\t\t\t<\/div>\n\t\t\t\t<div class=\"elementor-element elementor-element-0f292a7 elementor-widget elementor-widget-text-editor\" data-id=\"0f292a7\" data-element_type=\"widget\" data-e-type=\"widget\" data-widget_type=\"text-editor.default\">\n\t\t\t\t<div class=\"elementor-widget-container\">\n\t\t\t\t\t\t\t\t\t<p>Ved at udfylde og indsende formularen vil du modtage information, tips og kampagner fra AGR. Hvis du vil vide mere om, hvordan AGR bruger dine oplysninger, kan du se vores <a href=\"https:\/\/www.agrinventory.com\/da\/privatlivspolitik\/\">privatlivspolitik<\/a>. <\/p>\t\t\t\t\t\t\t\t<\/div>\n\t\t\t\t<\/div>\n\t\t<div class=\"elementor-element elementor-element-e17e0df e-con-full elementor-hidden-widescreen elementor-hidden-desktop elementor-hidden-tablet e-flex e-con e-child\" data-id=\"e17e0df\" data-element_type=\"container\" data-e-type=\"container\">\n\t\t\t\t<div class=\"elementor-element elementor-element-29452fa elementor-widget__width-initial elementor-widget-widescreen__width-inherit elementor-widget elementor-widget-heading\" data-id=\"29452fa\" data-element_type=\"widget\" data-e-type=\"widget\" data-widget_type=\"heading.default\">\n\t\t\t\t<div class=\"elementor-widget-container\">\n\t\t\t\t\t<h2 class=\"elementor-heading-title elementor-size-default\">Den dokumenterede leder inden for lageroptimering<\/h2>\t\t\t\t<\/div>\n\t\t\t\t<\/div>\n\t\t<div class=\"elementor-element elementor-element-2a01885 e-grid e-con-full e-con e-child\" data-id=\"2a01885\" data-element_type=\"container\" data-e-type=\"container\">\n\t\t\t\t<div class=\"elementor-element elementor-element-9dd5443 elementor-widget elementor-widget-image\" data-id=\"9dd5443\" data-element_type=\"widget\" data-e-type=\"widget\" data-widget_type=\"image.default\">\n\t\t\t\t<div class=\"elementor-widget-container\">\n\t\t\t\t\t\t\t\t\t\t\t\t\t\t\t<img loading=\"lazy\" decoding=\"async\" loading=\"lazy\" width=\"94\" height=\"122\" src=\"https:\/\/www.agrinventory.com\/wp-content\/uploads\/2024\/10\/InventoryControl_Leader_Leader.svg\" class=\"attachment-full size-full wp-image-17327\" alt=\"G2 AGR Leader lagerstyring\" title=\"\">\t\t\t\t\t\t\t\t\t\t\t\t\t\t\t<\/div>\n\t\t\t\t<\/div>\n\t\t\t\t<div class=\"elementor-element elementor-element-c28f10e elementor-widget elementor-widget-image\" data-id=\"c28f10e\" data-element_type=\"widget\" data-e-type=\"widget\" data-widget_type=\"image.default\">\n\t\t\t\t<div class=\"elementor-widget-container\">\n\t\t\t\t\t\t\t\t\t\t\t\t\t\t\t<img loading=\"lazy\" decoding=\"async\" loading=\"lazy\" width=\"94\" height=\"122\" src=\"https:\/\/www.agrinventory.com\/wp-content\/uploads\/2024\/10\/DemandPlanning_BestSupport_QualityOfSupport.svg\" class=\"attachment-full size-full wp-image-17331\" alt=\"AGR G2 Bedste st\u00f8tte 2024\" title=\"\">\t\t\t\t\t\t\t\t\t\t\t\t\t\t\t<\/div>\n\t\t\t\t<\/div>\n\t\t\t\t<div class=\"elementor-element elementor-element-0c1918a elementor-widget elementor-widget-image\" data-id=\"0c1918a\" data-element_type=\"widget\" data-e-type=\"widget\" data-widget_type=\"image.default\">\n\t\t\t\t<div class=\"elementor-widget-container\">\n\t\t\t\t\t\t\t\t\t\t\t\t\t\t\t<img loading=\"lazy\" decoding=\"async\" loading=\"lazy\" width=\"94\" height=\"122\" src=\"https:\/\/www.agrinventory.com\/wp-content\/uploads\/2024\/06\/InventoryControl_EasiestToDoBusinessWith_EaseOfDoingBusinessWith.svg\" class=\"attachment-full size-full wp-image-16854\" alt=\"AGR G2 er nemmest at g\u00f8re forretninger med\" title=\"\">\t\t\t\t\t\t\t\t\t\t\t\t\t\t\t<\/div>\n\t\t\t\t<\/div>\n\t\t\t\t<\/div>\n\t\t\t\t<\/div>\n\t\t\t\t<\/div>\n\t\t\t\t\t<\/div>\n\t\t\t\t<\/div>\n\t\t\t\t<\/div>\n\t\t","protected":false},"excerpt":{"rendered":"<p>Forh\u00f8r dig om AGR&#8217;s prismuligheder, og find den bedste plan til din virksomheds behov.<\/p>\n","protected":false},"author":1,"featured_media":0,"parent":0,"menu_order":16,"comment_status":"closed","ping_status":"closed","template":"elementor_header_footer","meta":{"_acf_changed":false,"content-type":"","footnotes":""},"class_list":["post-33781","page","type-page","status-publish","hentry"],"acf":[],"_links":{"self":[{"href":"https:\/\/www.agrinventory.com\/da\/wp-json\/wp\/v2\/pages\/33781","targetHints":{"allow":["GET"]}}],"collection":[{"href":"https:\/\/www.agrinventory.com\/da\/wp-json\/wp\/v2\/pages"}],"about":[{"href":"https:\/\/www.agrinventory.com\/da\/wp-json\/wp\/v2\/types\/page"}],"author":[{"embeddable":true,"href":"https:\/\/www.agrinventory.com\/da\/wp-json\/wp\/v2\/users\/1"}],"replies":[{"embeddable":true,"href":"https:\/\/www.agrinventory.com\/da\/wp-json\/wp\/v2\/comments?post=33781"}],"version-history":[{"count":0,"href":"https:\/\/www.agrinventory.com\/da\/wp-json\/wp\/v2\/pages\/33781\/revisions"}],"wp:attachment":[{"href":"https:\/\/www.agrinventory.com\/da\/wp-json\/wp\/v2\/media?parent=33781"}],"curies":[{"name":"wp","href":"https:\/\/api.w.org\/{rel}","templated":true}]}}