{"id":13207,"date":"2023-01-20T00:00:00","date_gmt":"2023-01-20T00:00:00","guid":{"rendered":"https:\/\/www.agrinventory.com\/cookie-policy\/"},"modified":"2025-10-16T23:17:48","modified_gmt":"2025-10-16T23:17:48","slug":"cookie-policy","status":"publish","type":"page","link":"https:\/\/www.agrinventory.com\/no\/cookie-policy\/","title":{"rendered":"Retningslinjer for informasjonskapsler"},"content":{"rendered":"\t\t<div data-elementor-type=\"wp-page\" data-elementor-id=\"13207\" class=\"elementor elementor-13207 elementor-444\" data-elementor-post-type=\"page\">\n\t\t\t\t<div class=\"elementor-element elementor-element-101dc4b4 e-flex e-con-boxed e-con e-parent\" data-id=\"101dc4b4\" data-element_type=\"container\" data-e-type=\"container\">\n\t\t\t\t\t<div class=\"e-con-inner\">\n\t\t\t\t<div class=\"elementor-element elementor-element-15896185 elementor-widget elementor-widget-text-editor\" data-id=\"15896185\" data-element_type=\"widget\" data-e-type=\"widget\" data-widget_type=\"text-editor.default\">\n\t\t\t\t<div class=\"elementor-widget-container\">\n\t\t\t\t\t\t\t\t\t\n<p>Informasjonskapsler er sm\u00e5 tekstfiler som plasseres p\u00e5 datamaskinen din av nettsteder du bes\u00f8ker. De brukes for \u00e5 f\u00e5 nettsteder til \u00e5 fungere, for \u00e5 gj\u00f8re dem mer effektive, for \u00e5 forbedre brukeropplevelsen og for \u00e5 gi informasjon om bruken av nettsteder. Denne informasjonen skal gj\u00f8re bes\u00f8kene dine p\u00e5 nettstedet mer produktive ved \u00e5 lagre og bruke informasjon om dine preferanser og vaner p\u00e5 nettstedet.  <\/p>\n\n<p>Nettleseren din kan velge om du vil godta informasjonskapsler eller ikke. De fleste nettlesere er i utgangspunktet konfigurert til \u00e5 godta dem. <\/p>\n\n<p>Vi kan tilby deg informasjonskapsler, og du b\u00f8r s\u00f8rge for at nettleseren din er satt opp til \u00e5 ikke godta informasjonskapsler hvis du ikke \u00f8nsker \u00e5 motta dem. V\u00e6r oppmerksom p\u00e5 at hvis du deaktiverer informasjonskapsler, kan det hende at enkelte tjenester eller funksjoner p\u00e5 nettstedet ikke er tilgjengelige. Du finner mer informasjon om informasjonskapsler og hvordan du deaktiverer dem p\u00e5 <g id=\"gid_0\">aboutcookies.org.<\/g> Vi bruker f\u00f8lgende informasjonskapsler:   <\/p>\n\n<ul class=\"wp-block-list\">\n<li>N\u00f8dvendige <strong>informasjonskapsler:<\/strong> Dette er informasjonskapsler som er n\u00f8dvendige for driften av nettstedet v\u00e5rt. De omfatter for eksempel informasjonskapsler som gj\u00f8r det mulig for deg \u00e5 logge inn p\u00e5 sikre omr\u00e5der p\u00e5 nettstedet v\u00e5rt og \u00e5 bruke nettskjemaer. <\/li>\n\n<li><strong>Analytiske informasjonskapsler:<\/strong> De gj\u00f8r det mulig for oss \u00e5 gjenkjenne og telle antall bes\u00f8kende og se hvordan bes\u00f8kende beveger seg rundt p\u00e5 nettstedet v\u00e5rt n\u00e5r de bruker det. Dette hjelper oss med \u00e5 forbedre m\u00e5ten nettstedet v\u00e5rt fungerer p\u00e5, for eksempel ved \u00e5 s\u00f8rge for at brukerne lett finner det de leter etter. <\/li>\n\n<li><strong>Informasjonskapsler for markedsf\u00f8ring:<\/strong> Disse brukes til \u00e5 gjenkjenne deg n\u00e5r du kommer tilbake til nettstedet v\u00e5rt. Dette gj\u00f8r det mulig for oss \u00e5 tilpasse innholdet v\u00e5rt til deg, hilse p\u00e5 deg med navn og huske preferansene dine. Disse informasjonskapslene registrerer ogs\u00e5 bes\u00f8ket ditt p\u00e5 nettstedet v\u00e5rt, sidene du har bes\u00f8kt og lenkene du har fulgt. Vi bruker denne informasjonen til \u00e5 gj\u00f8re nettstedet v\u00e5rt, reklamen som vises p\u00e5 det og kommunikasjonen som sendes, mer relevant for dine interesser.   <\/li>\n<\/ul>\n\n<p>Ved \u00e5 fortsette \u00e5 bruke dette nettstedet godtar du v\u00e5r bruk av disse informasjonskapslene som gj\u00f8r annonsering og kommunikasjon mer relevant for deg og dine interesser, og som hjelper oss med \u00e5 forbedre nettstedet ytterligere.<\/p>\n\t\t\t\t\t\t\t\t<\/div>\n\t\t\t\t<\/div>\n\t\t\t\t\t<\/div>\n\t\t\t\t<\/div>\n\t\t\t\t<\/div>\n\t\t","protected":false},"excerpt":{"rendered":"<p>Les om hvordan AGR bruker informasjonskapsler for \u00e5 forbedre nettleseropplevelsen og tjenestekvaliteten.<\/p>\n","protected":false},"author":1,"featured_media":0,"parent":0,"menu_order":15,"comment_status":"closed","ping_status":"closed","template":"","meta":{"_acf_changed":false,"content-type":"","footnotes":""},"class_list":["post-13207","page","type-page","status-publish","hentry"],"acf":[],"_links":{"self":[{"href":"https:\/\/www.agrinventory.com\/no\/wp-json\/wp\/v2\/pages\/13207","targetHints":{"allow":["GET"]}}],"collection":[{"href":"https:\/\/www.agrinventory.com\/no\/wp-json\/wp\/v2\/pages"}],"about":[{"href":"https:\/\/www.agrinventory.com\/no\/wp-json\/wp\/v2\/types\/page"}],"author":[{"embeddable":true,"href":"https:\/\/www.agrinventory.com\/no\/wp-json\/wp\/v2\/users\/1"}],"replies":[{"embeddable":true,"href":"https:\/\/www.agrinventory.com\/no\/wp-json\/wp\/v2\/comments?post=13207"}],"version-history":[{"count":0,"href":"https:\/\/www.agrinventory.com\/no\/wp-json\/wp\/v2\/pages\/13207\/revisions"}],"wp:attachment":[{"href":"https:\/\/www.agrinventory.com\/no\/wp-json\/wp\/v2\/media?parent=13207"}],"curies":[{"name":"wp","href":"https:\/\/api.w.org\/{rel}","templated":true}]}}