{"id":13210,"date":"2023-01-20T00:00:00","date_gmt":"2023-01-20T00:00:00","guid":{"rendered":"https:\/\/www.agrinventory.com\/privacy-policy\/"},"modified":"2025-10-16T23:17:41","modified_gmt":"2025-10-16T23:17:41","slug":"personvern-policy","status":"publish","type":"page","link":"https:\/\/www.agrinventory.com\/no\/privacy-policy\/","title":{"rendered":"Retningslinjer for personvern"},"content":{"rendered":"\t\t<div data-elementor-type=\"wp-page\" data-elementor-id=\"13210\" class=\"elementor elementor-13210 elementor-452\" data-elementor-post-type=\"page\">\n\t\t\t\t<div class=\"elementor-element elementor-element-6672c25 e-flex e-con-boxed e-con e-parent\" data-id=\"6672c25\" data-element_type=\"container\" data-e-type=\"container\">\n\t\t\t\t\t<div class=\"e-con-inner\">\n\t\t\t\t<div class=\"elementor-element elementor-element-9efc632 elementor-widget elementor-widget-text-editor\" data-id=\"9efc632\" data-element_type=\"widget\" data-e-type=\"widget\" data-widget_type=\"text-editor.default\">\n\t\t\t\t<div class=\"elementor-widget-container\">\n\t\t\t\t\t\t\t\t\t<p class=\"wp-block-heading\"><strong>Hensikt<\/strong>  <\/p><p>Ditt personvern er sv\u00e6rt viktig for AGR, og vi tar sikkerheten til dataene som selskapet h\u00e5ndterer p\u00e5 alvor. Denne personvernerkl\u00e6ringen beskriver hvilke opplysninger AGR samler inn og hvordan AGR h\u00e5ndterer og behandler personopplysninger om sine kunder og andre. Denne erkl\u00e6ringen dekker personopplysninger uavhengig av hvordan de samles inn og lagres.    <\/p><p><strong>Personopplysninger AGR samler inn<\/strong><\/p><p>Personopplysninger er all informasjon om en identifisert eller identifiserbar enkeltperson. En person anses som personidentifiserbar hvis han eller hun kan identifiseres, direkte eller indirekte, ved hjelp av identifikatorer som navn, ID-nummer, lokaliseringsdata og online-identitet eller en eller flere faktorer som kjennetegner en person fysisk, fysiologisk, genetisk, mentalt, materielt, kulturelt eller sosialt.   <\/p><p>AGR samler inn data fra deg gjennom v\u00e5r interaksjon med deg og gjennom produktene v\u00e5re. Noen av disse dataene gir du oss direkte, og noen av dem f\u00e5r vi ved \u00e5 samle inn data om dine interaksjoner, bruk og erfaringer med produktene v\u00e5re. Hvilke data vi samler inn, avhenger av konteksten for dine interaksjoner med AGR og valgene du gj\u00f8r, inkludert dine personverninnstillinger og produktene og funksjonene du bruker.    <\/p><p>N\u00e5r vi ber deg om \u00e5 oppgi personopplysninger, kan du takke nei. Mange av produktene v\u00e5re krever personopplysninger for \u00e5 kunne tilby deg en tjeneste. Hvis du velger \u00e5 ikke oppgi data som kreves for \u00e5 gi deg et produkt eller en funksjon, kan du ikke bruke det produktet eller den funksjonen. Hvis AGR m\u00e5 innhente personopplysninger i henhold til lov eller for \u00e5 inng\u00e5 eller gjennomf\u00f8re en kontrakt med deg, og du ikke oppgir opplysningene, vil vi ikke kunne inng\u00e5 kontrakten.     <\/p>\t\t\t\t\t\t\t\t<\/div>\n\t\t\t\t<\/div>\n\t\t\t\t<div class=\"elementor-element elementor-element-c46421b elementor-widget elementor-widget-text-editor\" data-id=\"c46421b\" data-element_type=\"widget\" data-e-type=\"widget\" data-widget_type=\"text-editor.default\">\n\t\t\t\t<div class=\"elementor-widget-container\">\n\t\t\t\t\t\t\t\t\t<p><strong>Juridisk forpliktelse<\/strong> <\/p><p>Vi s\u00f8rger for at alle v\u00e5re aktiviteter er i samsvar med gjeldende lovgivning om personvern og behandling av personopplysninger, s\u00e6rlig lov nr. 90\/2018. Personvern er viktig for oss, og vi bestreber oss p\u00e5 \u00e5 f\u00f8lge alle lover og forskrifter knyttet til personvern og databeskyttelse.   <\/p><p>I prinsippet opptrer AGR som databehandler p\u00e5 vegne av de kundene som har inng\u00e5tt tjenesteavtaler med AGR. AGRs kunder er behandlingsansvarlige i henhold til personvernlovgivningen.   <\/p><p>AGR kan ogs\u00e5 opptre som behandlingsansvarlig. For eksempel er AGR behandlingsansvarlig for kommunikasjon med sine kunder i forbindelse med eksisterende eller planlagte transaksjoner ved \u00e5 samle inn kontaktinformasjon som kunden gir til AGR eller som er offentlig. Som behandlingsansvarlig kan AGR kun behandle personopplysninger basert p\u00e5 klare fullmakter i personopplysningslovgivningen. Slik behandling er basert p\u00e5 samtykke fra enkeltpersoner, kontrakter eller legitime interesser.     <\/p><p><strong>Hvordan sikres sikkerheten til personopplysninger?<\/strong> <\/p><p>Vi kan bare samle inn, behandle og dele personopplysninger p\u00e5 en rettferdig og lovlig m\u00e5te og bare for spesifikt definerte form\u00e5l. Som databehandler iverksetter AGR egnede tekniske og organisatoriske tiltak for \u00e5 sikre tilstrekkelig sikkerhet for personopplysningene. Personopplysninger lagres og behandles p\u00e5 en sikker m\u00e5te i samsvar med AGRs retningslinjer for informasjonssikkerhet og databeskyttelse.    <\/p><p><strong>Oppbevaring av personopplysninger<\/strong> <\/p><p>Personopplysninger vil kun bli lagret s\u00e5 lenge det er n\u00f8dvendig, med mindre annet er tillatt eller p\u00e5krevd i henhold til lov. AGR lagrer personopplysninger som databehandler s\u00e5 lenge det er fastsatt i databehandleravtalen og i henhold til lovverket.   <\/p><p><strong>Endringer i retningslinjene<\/strong> <\/p><p>Denne personvernerkl\u00e6ringen kan bli endret p\u00e5 grunn av nye lovbestemmelser eller endringer i tilsynsmyndighetenes tolkning av gjennomf\u00f8ringen av personvernlovgivningen. AGR forbeholder seg retten til \u00e5 revidere personvernerkl\u00e6ringen regelmessig og ved behov. Alle endringer i retningslinjene vil bli lagt ut p\u00e5 AGRs nettsted og vil tre i kraft ved publisering.    <\/p><p><strong>Kontakt oss<\/strong> <\/p><p>Vennligst send sp\u00f8rsm\u00e5l ang\u00e5ende h\u00e5ndtering av personopplysninger og AGRs personvernerkl\u00e6ring via e-post til <a href=\"mailto:malito:info@agrinventory.com\">info@agrinventory.com<\/a>.  <\/p>\t\t\t\t\t\t\t\t<\/div>\n\t\t\t\t<\/div>\n\t\t\t\t\t<\/div>\n\t\t\t\t<\/div>\n\t\t\t\t<\/div>\n\t\t","protected":false},"excerpt":{"rendered":"<p>L\u00e6r om v\u00e5r forpliktelse til \u00e5 beskytte personvernet ditt og hvordan vi h\u00e5ndterer personopplysninger hos AGR.<\/p>\n","protected":false},"author":1,"featured_media":0,"parent":0,"menu_order":18,"comment_status":"closed","ping_status":"closed","template":"","meta":{"_acf_changed":false,"content-type":"","footnotes":""},"class_list":["post-13210","page","type-page","status-publish","hentry"],"acf":[],"_links":{"self":[{"href":"https:\/\/www.agrinventory.com\/no\/wp-json\/wp\/v2\/pages\/13210","targetHints":{"allow":["GET"]}}],"collection":[{"href":"https:\/\/www.agrinventory.com\/no\/wp-json\/wp\/v2\/pages"}],"about":[{"href":"https:\/\/www.agrinventory.com\/no\/wp-json\/wp\/v2\/types\/page"}],"author":[{"embeddable":true,"href":"https:\/\/www.agrinventory.com\/no\/wp-json\/wp\/v2\/users\/1"}],"replies":[{"embeddable":true,"href":"https:\/\/www.agrinventory.com\/no\/wp-json\/wp\/v2\/comments?post=13210"}],"version-history":[{"count":0,"href":"https:\/\/www.agrinventory.com\/no\/wp-json\/wp\/v2\/pages\/13210\/revisions"}],"wp:attachment":[{"href":"https:\/\/www.agrinventory.com\/no\/wp-json\/wp\/v2\/media?parent=13210"}],"curies":[{"name":"wp","href":"https:\/\/api.w.org\/{rel}","templated":true}]}}