{"id":26774,"date":"2023-03-31T00:00:00","date_gmt":"2023-03-31T00:00:00","guid":{"rendered":"https:\/\/www.agrinventory.com\/software-services-terms-and-conditions\/"},"modified":"2025-11-26T15:59:58","modified_gmt":"2025-11-26T15:59:58","slug":"software-services-terms-and-conditions","status":"publish","type":"page","link":"https:\/\/www.agrinventory.com\/no\/software-services-terms-and-conditions\/","title":{"rendered":"Vilk\u00e5r og betingelser for programvaretjenester"},"content":{"rendered":"\t\t<div data-elementor-type=\"wp-page\" data-elementor-id=\"26774\" class=\"elementor elementor-26774 elementor-455\" data-elementor-post-type=\"page\">\n\t\t\t\t<div class=\"elementor-element elementor-element-1103fbc8 e-flex e-con-boxed e-con e-parent\" data-id=\"1103fbc8\" data-element_type=\"container\" data-e-type=\"container\">\n\t\t\t\t\t<div class=\"e-con-inner\">\n\t\t\t\t<div class=\"elementor-element elementor-element-b1a6d84 print-section-export elementor-widget elementor-widget-text-editor\" data-id=\"b1a6d84\" data-element_type=\"widget\" data-e-type=\"widget\" data-widget_type=\"text-editor.default\">\n\t\t\t\t<div class=\"elementor-widget-container\">\n\t\t\t\t\t\t\t\t\t<p style=\"text-align: center;\"><span style=\"font-size: 24px;\"><strong>Vilk\u00e5r og betingelser for programvaretjenester<\/strong><\/span><\/p><p style=\"text-align: center;\">    <span class=\"scandi-inline-time\"\n          data-bcp47-locale=\"nb-NO\"\n          data-tz=\"\"\n          data-gmt-offset-hours=\"0\">\n        Dato for eksport:\n        <time class=\"scandi-time\" aria-live=\"polite\"><\/time>\n        (UTC+0)\n    <\/span>\n\n    <script>\n    (function(){\n        var items = document.querySelectorAll('.scandi-inline-time');\n        if(!items.length) return;\n\n        items.forEach(function(wrap){\n            var out         = wrap.querySelector('.scandi-time');\n            var localeTag   = (wrap.getAttribute('data-bcp47-locale')||'en-US').trim();\n            var tz          = (wrap.getAttribute('data-tz')||'').trim();\n            var offsetHours = parseFloat(wrap.getAttribute('data-gmt-offset-hours')||'0');\n\n            var fmtOptions = {\n                year:'numeric', month:'2-digit', day:'2-digit',\n                hour:'2-digit', minute:'2-digit', hourCycle:'h23',\n                timeZone: tz || 'UTC'\n            };\n\n            var formatter;\n            try { formatter = new Intl.DateTimeFormat(localeTag, fmtOptions); }\n            catch(e){ formatter = new Intl.DateTimeFormat('en-US', fmtOptions); }\n\n            function currentSiteDate(){\n\n                if (tz) return new Date(Date.now());\n\n                return new Date(Date.now() + offsetHours * 3600 * 1000);\n            }\n\n            function render(){\n                var d = currentSiteDate();\n                out.textContent = formatter.format(d);\n                try { out.setAttribute('datetime', new Date().toISOString()); } catch(e){}\n            }\n\n            render();\n            setInterval(render, 30000);\n        });\n    })();\n    <\/script>\n    <\/p><p style=\"text-align: center;\"><span style=\"word-break:break-all\">https:\u200b\/\u200b\/\u200bwww.\u200bagrinventory.\u200bcom\/\u200bno\/\u200bwp-\u200bjson\/\u200bwp\/\u200bv2\/\u200bpages\/\u200b26774\/\u200b<\/span><\/p>\t\t\t\t\t\t\t\t<\/div>\n\t\t\t\t<\/div>\n\t\t\t\t<div class=\"elementor-element elementor-element-927cefa elementor-widget elementor-widget-text-editor\" data-id=\"927cefa\" data-element_type=\"widget\" data-e-type=\"widget\" data-widget_type=\"text-editor.default\">\n\t\t\t\t<div class=\"elementor-widget-container\">\n\t\t\t\t\t\t\t\t\t<p data-pm-slice=\"1 3 []\"><strong>1. Parter og bestemmelser<\/strong><\/p><ol start=\"1\" data-spread=\"false\"><li><p>Disse vilk\u00e5r og betingelser for programvaretjenester (Vilk\u00e5r og betingelser) gjelder for bruk av programvaretjenestene AGR Essentials (Programvaretjenester), produsert av AGR Dynamics ehf. (Selger), av enhver enhet som har utf\u00f8rt et Tjenestebestillingsskjema med Selger for abonnement p\u00e5 Programvaretjenestene (Abonnent). Vilk\u00e5rene og betingelsene gjelder fra ikrafttredelsesdatoen for abonnementet, trykt p\u00e5 det aktuelle bestillingsskjemaet for tjenester (ikrafttredelsesdato).  <\/p><\/li><li><p>Selv om disse Vilk\u00e5rene gjelder, er Abonnenten gitt fra Selger:<\/p><ol start=\"1\" data-spread=\"false\"><li><p>En begrenset lisens til \u00e5 f\u00e5 tilgang online, via Selgers nettsted p\u00e5 URL-adressen portal.agrinventory.net, og til \u00e5 bruke programvaretjenestene i den utstrekning som er beskrevet i punktet nedenfor.<\/p><\/li><li><p>Retten til \u00e5 f\u00e5 tilgang til teknisk st\u00f8tte for programvaretjenestene, i det omfang som er beskrevet i punkt 3.e nedenfor.<\/p><\/li><li><p>Ingen andre rettigheter eller lisenser gis i henhold til disse vilk\u00e5rene og betingelsene.<\/p><\/li><\/ol><\/li><\/ol><p><strong>2. Lisens for tilgang til og bruk av programvaretjenester<\/strong><\/p><ol start=\"1\" data-spread=\"false\"><li><p>Den begrensede lisensen som gis Abonnenten til \u00e5 bruke programvaretjenestene er ikke-eksklusiv og ikke-overf\u00f8rbar, og gjelder kun tilgang og bruk som med rimelighet kan anses som en del av Abonnentens interne forretningsform\u00e5l, utelukkende fra og i de butikkene, nettbutikkene og lagrene som enten er merket som Abonnenten eller som drives av et selskap som er i samme konsern som Abonnenten og som drives i samme ERP-database.<\/p><\/li><li><p>Alle andre rettigheter enn de som er angitt i punkt 2.1 ovenfor er uttrykkelig forbeholdt Selger, som er og forblir eneeier av Programvaretjenestene og alle rettigheter knyttet til disse, inkludert alle immaterielle rettigheter til Programvaretjenestene, inkludert relaterte metoder, ideer, knowhow, prosedyrer, algoritmer, kildekode og dokumentasjon. Disse vilk\u00e5rene og betingelsene overf\u00f8rer ikke p\u00e5 noen m\u00e5te slike rettigheter til abonnenten i noen henseende. <\/p><\/li><li><p>Abonnentens begrensede lisens til programvaretjenestene er i tillegg underlagt f\u00f8lgende begrensninger:<\/p><ol start=\"1\" data-spread=\"false\"><li><p>Programvaretjenestene kan bare brukes i samsvar med de til enhver tid gjeldende brukerinstruksjoner fra Selger.<\/p><\/li><li><p>Lisensen er begrenset til den til enhver tid gjeldende versjon av Programvaretjenestene. Retten til \u00e5 oppdatere Programvaretjenestene ligger utelukkende hos Selger, som beskrevet i punkt 3 nedenfor. <\/p><\/li><li><p>Tilgangsrettighetene til programvaretjenestene er begrenset til navngitte brukere, valgt av Abonnenten, blant dem som er direkte engasjert i bruk, st\u00f8tte eller vedlikehold av programvaretjenestene.<\/p><\/li><li><p>Denne lisensen gir ingen rettigheter til \u00e5 fremf\u00f8re eller fors\u00f8ke noe av det f\u00f8lgende:<\/p><ol start=\"1\" data-spread=\"false\"><li><p>\u00c5 modifisere, tilpasse, oversette, reversere, dekompilere, demontere eller p\u00e5 annen m\u00e5te redusere programvaren som brukes til \u00e5 levere programvaretjenestene til en form som kan oppfattes av mennesker;<\/p><\/li><li><p>omg\u00e5 eventuelle tekniske begrensninger i programvaretjenestene, eller lage avledede verk basert p\u00e5 programvaretjenestene eller deler av disse;<\/p><\/li><li><p>Tilby kommersiell hosting av programvaretjenestene eller publisere programvaretjenestene slik at andre kan kopiere eller bruke dem p\u00e5 noen m\u00e5te.<\/p><\/li><\/ol><\/li><\/ol><\/li><\/ol><p><strong>3. Vedlikehold av og oppdateringer til programvaretjenestene<\/strong><\/p><ol start=\"1\" data-spread=\"false\"><li><p>Programvaretjenestene vil bli vedlikeholdt og jevnlig oppdatert av Selger etter behov for \u00e5 implementere ulike feilrettinger, endringer og ny funksjonalitet.<\/p><\/li><li><p>Abonnenten har til enhver tid kun rett til \u00e5 f\u00e5 tilgang til den til enhver tid gjeldende versjonen av programvaretjenestene. Selger vil ikke v\u00e6re forpliktet til \u00e5 vedlikeholde eldre versjoner av programvaretjenestene etter at en oppdatert versjon er utstedt. <\/p><\/li><li><p>Selger vil varsle Abonnenten i god tid f\u00f8r st\u00f8rre oppdateringer av Programvaretjenestene utf\u00f8res. Abonnenten er ansvarlig for \u00e5 verifisere at Programvaretjenestene, innenfor rammen av Abonnentens virksomhet, vil fortsette \u00e5 fungere i det vesentlige i tr\u00e5d med den publiserte spesifikasjonen etter at oppdateringer har blitt gjort i Programvaretjenestene. <\/p><\/li><li><p>Dersom Abonnenten \u00f8nsker at Selger skal bist\u00e5 Abonnenten med \u00e5 foreta justeringer eller modifikasjoner i Abonnentens systemer, for \u00e5 etablere, gjenopprette eller \u00f8ke kompatibiliteten med Programvaretjenestene, vil slike aktiviteter bli betraktet som ordin\u00e6rt betalt arbeid og faktureres separat.<\/p><\/li><li><p>Enhver abonnent som st\u00f8ter p\u00e5 feil eller funksjonsfeil i programvaretjenestene, skal sende inn en detaljert rapport til selgeren, p\u00e5 engelsk, med en beskrivelse av den aktuelle feilen eller funksjonsfeilen. Det er opp til selgeren \u00e5 avgj\u00f8re om, hvordan og n\u00e5r han\/hun skal reagere p\u00e5 slik rapportering, f.eks. ved \u00e5 oppdatere programvaretjenestene. <\/p><\/li><\/ol>\t\t\t\t\t\t\t\t<\/div>\n\t\t\t\t<\/div>\n\t\t\t\t<div class=\"elementor-element elementor-element-5990ccd widget-for-export elementor-widget elementor-widget-text-editor\" data-id=\"5990ccd\" data-element_type=\"widget\" data-e-type=\"widget\" id=\"widget-for-export\" data-widget_type=\"text-editor.default\">\n\t\t\t\t<div class=\"elementor-widget-container\">\n\t\t\t\t\t\t\t\t\t<p><strong>4. Hosting av abonnentens data<\/strong><\/p><ol start=\"1\" data-spread=\"false\"><li>Bruk av programvaretjenestene inneb\u00e6rer at Abonnenten leverer data for behandling av tjenestene (Hosted data). I den grad selgeren kan sette grenser for hvor mye data abonnenten kan behandle ved hjelp av programvaretjenestene, er slike grenser oppf\u00f8rt i det relevante utf\u00f8rte bestillingsskjemaet for tjenester og vil bli oppdatert fra tid til annen p\u00e5 selgerens nettsted, som det henvises til i punkt 1.2 ovenfor. Abonnenten har ikke lov til \u00e5 fors\u00f8ke \u00e5 overskride slike grenser, da det kan f\u00f8re til en forringelse av programvaretjenestene, som for eksempel stabiliteten, ytelsen eller responstiden til tjenestene.  <\/li><li>S\u00e5 lenge disse Vilk\u00e5rene og betingelsene gjelder, har Abonnenten tilgang til Hosted data gjennom grensesnittet til Programvaretjenestene og verkt\u00f8yene som er gjort tilgjengelig der, inkludert funksjonalitet for \u00e5 laste ned dataene i regnearkform (Microsoft Excel-filformat). Selger vil ikke tilby andre m\u00e5ter \u00e5 f\u00e5 tilgang til Hosted data p\u00e5. I tillegg, selv om selgeren tar sikkerhetskopier av programvaretjenestene av kontinuitets- og sikkerhetshensyn, og slike sikkerhetskopier kan inneholde vertsdata som behandles av tjenestene, vil slike sikkerhetskopier eller data som finnes der, ikke bli gjort tilgjengelig for abonnenten. Abonnenten b\u00f8r derfor i alle tilfeller beholde originaldataene som skal behandles via programvaretjenestene for sine egne form\u00e5l, og behandle vertsdata som engangskopier av disse.   <\/li><\/ol><p><strong>5. Abonnentens ytterligere forpliktelser<\/strong><\/p><ol start=\"1\" data-spread=\"false\"><li>Abonnenten skal:<br><ol start=\"1\" data-spread=\"false\"><li>Oppfylle alle sine forpliktelser i henhold til disse Vilk\u00e5rene og Betingelsene omg\u00e5ende, inkludert \u00e5 betale alle avgifter som skal betales til Selger senest ved forfall.<\/li><li>Abonnenten skal til enhver tid, uten feil, overholde alle begrensninger og krav i de tildelte lisensene til programvaretjenestene, jf. punkt 2 ovenfor, Abonnentens plikter knyttet til vedlikehold og oppdatering av programvaretjenestene, jf. punkt 3 ovenfor, og sine plikter knyttet til databeskyttelse, jf. punkt 7 nedenfor.   <\/li><li>Varsle Selger s\u00e5 snart som praktisk mulig etter at Abonnenten blir oppmerksom p\u00e5:<br><ol start=\"1\" data-spread=\"false\"><li>Enhver faktisk, truende eller mistenkt krenkelse av immaterielle rettigheter, inkludert knowhow, med hensyn til programvaretjenestene, alt relatert materiale, eller brudd p\u00e5 konfidensialitet i forbindelse med noe av det foreg\u00e5ende;<\/li><li>Ethvert krav som fremmes mot Abonnenten med p\u00e5stand om at bruken av Programvaretjenestene eller annet relatert materiale krenker immaterielle rettigheter eller andre rettigheter som tilh\u00f8rer eller p\u00e5st\u00e5s \u00e5 tilh\u00f8re saks\u00f8keren eller en annen tredjepart.<\/li><\/ol><\/li><li>I tide ta de skritt som er n\u00f8dvendige for \u00e5 beskytte Selgerens konfidensielle informasjon og immaterielle rettigheter i Programvaretjenestene, og for \u00e5 sikre at bestemmelsene i dette punkt 5 og punkt 6 nedenfor overholdes av Abonnentens ansatte, agenter og underleverand\u00f8rer som kan komme i kontakt med Programvaretjenestene. Denne plikten skal fortsette \u00e5 gjelde etter at Abonnentens abonnement er avsluttet. <\/li><\/ol><\/li><li>Abonnenten skal ikke, med unntak av det som uttrykkelig er tillatt i disse vilk\u00e5rene og betingelsene:<br><ol start=\"1\" data-spread=\"false\"><li>Bruke, kopiere, endre eller gj\u00f8re programvaretjenestene tilgjengelige, helt eller delvis, for tredjeparter;<\/li><li>Omvendt sammenstilling, omvendt kompilering, annen oversettelse eller omvendt utvikling av programvaretjenestene;<\/li><li>Bruke noen av programvaretjenestens komponenter, filer, moduler, lyd\/visuelt innhold eller relatert lisensiert materiale separat fra programvaretjenesten;<\/li><li>Underlisensiere, leie ut eller lease programvaretjenestene eller tilgangen til disse;<\/li><li>Opprette Internett-lenker til eller fra programvaretjenestene; eller<\/li><li>Ramme inn eller speile noe innhold som utgj\u00f8r en del av programvaretjenestene, annet enn p\u00e5 abonnentens eget intranett i forbindelse med abonnentens autoriserte bruk av programvaretjenestene.<\/li><\/ol><\/li><\/ol><p><strong>6. Konfidensialitet<\/strong><\/p><ol start=\"1\" data-spread=\"false\"><li>All teknisk, forretningsmessig, \u00f8konomisk og juridisk informasjon som utveksles mellom partene i forbindelse med programvaretjenestene og disse vilk\u00e5rene er konfidensiell og kan ikke utleveres til tredjeparter, med mindre partene har avtalt dette p\u00e5 forh\u00e5nd, i fem \u00e5r etter at Abonnentens abonnement er avsluttet.<\/li><li>Informasjon som er blitt offentlig tilgjengelig f\u00f8r Ikrafttredelsesdatoen, eller uten at partene har gjort noe eller unnlatt \u00e5 gj\u00f8re noe, skal ikke tolkes som konfidensiell.<\/li><li>Selger kan bruke Abonnentens navn og logo som referanse i Selgers markedsf\u00f8rings- og salgsaktiviteter, men enhver offentlig kunngj\u00f8ring av Abonnentens abonnement p\u00e5 Selgers programvaretjenester m\u00e5 forh\u00e5ndsgodkjennes av Abonnenten.<\/li><\/ol><p><strong>7. Beskyttelse av data<\/strong><\/p><ol start=\"1\" data-spread=\"false\"><li>Partene skal overholde sine respektive forpliktelser i henhold til alle gjeldende personvernlover med hensyn til disse vilk\u00e5rene og betingelsene.<\/li><li>Disse vilk\u00e5rene og betingelsene er begrenset til \u00e5 gi abonnenten rettigheter til bruk av selgerens visse programvaretjenester og hosting av abonnentens tilknyttede data, men omfatter ikke hosting av personopplysninger eller andre aktiviteter som kan medf\u00f8re behandling av personopplysninger. Abonnenten skal derfor ikke bruke Selgerens hostingtjenester for sine data til \u00e5 lagre eller p\u00e5 annen m\u00e5te behandle personidentifiserbare data, og skal s\u00f8rge for at all brukeridentifikasjon er uten personopplysninger (f.eks. &laquo;bruker 1&raquo;). Vilk\u00e5rene p\u00e5legger ingen av partene \u00e5 utf\u00f8re behandling av personopplysninger, heller ikke p\u00e5 vegne av motparten. Ingen av partene vil derfor opptre i egenskap av &laquo;behandlingsansvarlig&raquo; eller &laquo;databehandler&raquo; i forhold til sin motpart i forbindelse med disse vilk\u00e5rene, slik det er definert i gjeldende personvernlovgivning.   <\/li><\/ol><p><strong>8. Overdragelse av rettigheter<\/strong><\/p><ol start=\"1\" data-spread=\"false\"><li>Rettighetene som gis til abonnenten i henhold til disse vilk\u00e5rene, gis kun til abonnenten, og abonnenten har ikke rett til \u00e5 overdra, overf\u00f8re, selge, videreselge, distribuere, lease, leie ut, pantsette, bel\u00e5ne, l\u00e5ne, gi en sikkerhetsinteresse i eller p\u00e5 annen m\u00e5te overf\u00f8re eller underlisensiere noen rettigheter i henhold til disse vilk\u00e5rene, helt eller delvis, eller ut\u00f8ve dem p\u00e5 vegne av eller til fordel for noen annen part, og heller ikke tillate noen tredjepart \u00e5 f\u00e5 tilgang til programvaretjenestene, i hvert enkelt tilfelle unntatt med selgerens uttrykkelige skriftlige forh\u00e5ndsgodkjenning.<\/li><\/ol><p><strong>9. Varighet og oppsigelse<\/strong><\/p><ol start=\"1\" data-spread=\"false\"><li>Disse Vilk\u00e5rene gjelder for Abonnentens abonnement p\u00e5 Programvaretjenestene fra Ikrafttredelsesdatoen og frem til slutten av den siste abonnementsperioden som Abonnenten har betalt for i sin helhet p\u00e5 forh\u00e5nd, eller frem til slutten av oppsigelsesperioden som angitt i punkt 9.3 nedenfor, avhengig av hva som inntreffer f\u00f8rst.<\/li><li>Dersom Selger ikke har mottatt full betaling for en kommende abonnementsperiode fra Abonnenten innen utl\u00f8pet av den gjeldende abonnementsperioden, skal Abonnentens abonnement anses som oppsagt av Abonnenten fra og med utl\u00f8pet av den gjeldende abonnementsperioden.<\/li><li>Abonnenten kan, ved \u00e5 gi selgeren skriftlig varsel om dette minst \u00e9n m\u00e5ned f\u00f8r utl\u00f8pet av en abonnementsperiode, frivillig si opp sitt abonnement p\u00e5 programvaretjenestene, med virkning fra det tidspunktet selgeren mottar slikt varsel. Dette vil imidlertid ikke gi Abonnenten noen rett til delvis refusjon av betaling for den gjeldende eller tidligere abonnementsperioder. <\/li><li>Hver av partene kan si opp Abonnentens abonnement p\u00e5 Programvaretjenestene med umiddelbar virkning dersom dette er et rimelig svar p\u00e5 et krav om krenkelse av immaterielle rettigheter, p\u00e5legg fra en domstol eller annen offentlig myndighet, eller p\u00e5 en vesentlig endring av disse Vilk\u00e5rene, jf. punkt 12.2. I s\u00e5 fall vil Selger refundere Abonnenten betalingen mottatt fra Abonnenten for den gjeldende abonnementsperioden, forholdsmessig i forhold til antall dager som da gjenst\u00e5r av abonnementsperioden.  <\/li><li>Ved oppsigelse av abonnementet opph\u00f8rer Abonnentens lisens og rettigheter til \u00e5 bruke programvaretjenestene umiddelbart, og Selger er autorisert til \u00e5 suspendere Abonnentens tilgang til programvaretjenestene. Hvis \u00e5rsaken til oppsigelsen l\u00f8ses innen tre m\u00e5neder, f.eks. ved at selgeren mottar full betaling for abonnementsperiodene frem til og med neste periode etter den gjeldende perioden, vil abonnenten f\u00e5 tilbake lisensen og rettighetene til \u00e5 bruke programvaretjenestene, og tilgangen til programvaretjenestene vil bli gjeninnf\u00f8rt. Hvis \u00e5rsaken til oppsigelsen ikke er l\u00f8st innen denne tidsperioden, vil abonnentens konto imidlertid bli permanent stengt, og alle vertsdata og sikkerhetskopier av disse vil bli slettet fra tjenestene.  <\/li><li>Uavhengig av utl\u00f8pet av disse Vilk\u00e5rene og betingelsene eller opph\u00f8r av Abonnentens abonnement p\u00e5 Programvaretjenestene, skal f\u00f8lgende rettigheter og forpliktelser fortsette \u00e5 gjelde:<br><ol start=\"1\" data-spread=\"false\"><li>Alle selgerens rettigheter eller rettsmidler i henhold til disse vilk\u00e5rene og betingelsene, med hensyn til ethvert s\u00f8ksm\u00e5l eller krav fra en av partene, uansett om det er p\u00e5l\u00f8pt eller ikke p\u00e5 oppsigelsestidspunktet, som oppst\u00e5r som f\u00f8lge av den andre partens brudd p\u00e5 eller unnlatelse av \u00e5 oppfylle noen forpliktelse i henhold til disse vilk\u00e5rene og betingelsene.<\/li><li>I tillegg til de rettigheter og forpliktelser som overlever som uttrykkelig fastsatt i disse vilk\u00e5rene, skal alle klausuler som etter sin natur skal overleve, overleve og fortsette etter enhver oppsigelse eller utl\u00f8p i henhold til disse vilk\u00e5rene.<\/li><\/ol><\/li><\/ol><p><strong>10. Garanti og ansvar<\/strong><\/p><ol start=\"1\" data-spread=\"false\"><li>Selger garanterer at han er eier av og\/eller kontrollerer alle immaterielle rettigheter og alle andre rettigheter til programvaretjenestene som er n\u00f8dvendige for \u00e5 oppfylle sine forpliktelser i henhold til disse vilk\u00e5rene.<\/li><li>P\u00e5 grunn av programvaretjenestenes natur som en samling av programvareapplikasjoner, er de iboende gjenstand for uforutsett oppf\u00f8rsel. Selger garanterer derfor ikke at programvaretjenestene vil fungere uten feil, avbrudd eller svikt. Selgeren garanterer imidlertid at programvaretjenestene i all vesentlighet vil v\u00e6re i samsvar med den publiserte spesifikasjonen i en periode p\u00e5 24 m\u00e5neder fra ikrafttredelsesdatoen.  <\/li><li>Alle andre garantier, garantier eller betingelser som kan v\u00e6re underforst\u00e5tt i henhold til gjeldende lov, inkludert, men ikke begrenset til, garantier med hensyn til effektivitet, ytelse, kvalitet, salgbarhet, holdbarhet eller egnethet for ethvert form\u00e5l for programvaretjenestene eller annet relatert materiale eller tjenester, eller at programvaretjenestene eller annet relatert materiale eller tjenester som leveres av selgeren, er herved utelukket av selgeren i den grad det er tillatt i henhold til loven. Selger fraskriver seg imidlertid ikke ansvar for d\u00f8dsfall eller personskade for\u00e5rsaket av uaktsomhet, og heller ikke for bedrageri eller uriktig fremstilling. <\/li><li>Hvis programvaretjenestene ikke oppfyller garantien i punkt 10.1 og 10.2 ovenfor, vil selgeren refundere abonnenten hele bel\u00f8pet som fremg\u00e5r av kvitteringen for betaling for lisensen til \u00e5 bruke programvaretjenestene for den gjeldende abonnementsperioden. Abonnenten har ikke rett til noen ytterligere oppreisning for brudd p\u00e5 garantien knyttet til disse vilk\u00e5rene og betingelsene. <\/li><li>Verken selgeren eller dennes partnere skal under noen omstendighet ha noe ansvar for f\u00f8lgeskader eller indirekte tap, inkludert tap av data, skader, kostnader, utgifter eller andre krav for tap av fortjeneste eller inntekter, driftsavbrudd, overlager, ekstra arbeidsbelastning eller tap av data eller forretningsinformasjon, uansett om det skyldes kontraktsbrudd eller uaktsomhet fra selgeren, dennes ansatte, partnere eller agenter eller p\u00e5 annen m\u00e5te, som oppst\u00e5r som f\u00f8lge av eller i forbindelse med disse vilk\u00e5rene eller oppsigelsen av dem, selv om de er informert om muligheten for slike skader.<\/li><li>Under alle omstendigheter skal det samlede maksimale ansvaret til selgeren og dennes partnere ikke i noe tilfelle overstige bel\u00f8pet for avgifter betalt til selgeren i henhold til disse vilk\u00e5rene og betingelsene, i l\u00f8pet av de 12 m\u00e5nedene som g\u00e5r forut for datoen da et skriftlig krav ble sendt av abonnenten ang\u00e5ende hendelsen som ansvaret er basert p\u00e5.<\/li><\/ol><p><strong>11. Gjeldende lov og jurisdiksjon<\/strong><\/p><ol start=\"1\" data-spread=\"false\"><li>Disse vilk\u00e5rene og betingelsene er underlagt og regulert av lovene p\u00e5 Island, og enhver tvist som oppst\u00e5r i forbindelse med vilk\u00e5rene og betingelsene er underlagt den eksklusive jurisdiksjonen til domstolene p\u00e5 Island. Hver av partene i Avtalen bekrefter herved ugjenkallelig dette valget av gjeldende lover og jurisdiksjon. <\/li><li>Uavhengig av det foreg\u00e5ende forbeholder selgeren og dennes partnere seg retten til \u00e5 s\u00f8ke og oppn\u00e5 midlertidig forf\u00f8yning, enten i form av midlertidig forf\u00f8yning, midlertidig forf\u00f8yning, forf\u00f8yning for \u00e5 h\u00e5ndheve en voldgiftsdom eller annen lignende forf\u00f8yning, inkludert \u00e5 oppn\u00e5 full betaling av alle gebyrer og kostnader i henhold til disse vilk\u00e5rene og betingelsene fra enhver domstol med kompetent jurisdiksjon.<\/li><\/ol><p><strong>12. Versjonskontroll<\/strong><\/p><ol start=\"1\" data-spread=\"false\"><li>Den gjeldende versjonen av disse vilk\u00e5rene er versjon 1.0, gjeldende fra 1. mars 2022.<\/li><li>Selger har rett til \u00e5 oppdatere og endre disse Vilk\u00e5rene, forutsatt at den oppdaterte versjonen umiddelbart publiseres p\u00e5 Selgers nettside, som nevnt i punkt 1.2 ovenfor. Dersom det gj\u00f8res vesentlige endringer i disse Vilk\u00e5rene, skal Selger i tillegg varsle Abonnenten om endringene. Dersom Abonnenten ikke samtykker til endringene, kan Abonnenten, ved \u00e5 gi Selger skriftlig varsel om dette innen 30 dager etter \u00e5 ha mottatt varselet om endringene, si opp abonnementet i samsvar med punkt 9.4 ovenfor.  <\/li><\/ol>\t\t\t\t\t\t\t\t<\/div>\n\t\t\t\t<\/div>\n\t\t\t\t<div class=\"elementor-element elementor-element-7aee311 elementor-widget elementor-widget-html\" data-id=\"7aee311\" data-element_type=\"widget\" data-e-type=\"widget\" data-widget_type=\"html.default\">\n\t\t\t\t<div class=\"elementor-widget-container\">\n\t\t\t\t\t<div class=\"AGR-print-widget\" data-print-widget>\r\n  <button type=\"button\" class=\"AGR-print-btn AGR-no-print\" aria-label=\"Print this page\">\r\n    <svg class=\"AGR-print-ic\" viewBox=\"0 0 24 24\" aria-hidden=\"true\" focusable=\"false\">\r\n      <path d=\"M6 9V3h12v6h1a3 3 0 0 1 3 3v6h-4v3H6v-3H2v-6a3 3 0 0 1 3-3h1Zm2-4v4h8V5H8Zm8 13H8v3h8v-3Z\"\/>\r\n    <\/svg>\r\n    <span>Print<\/span>\r\n  <\/button>\r\n<\/div>\r\n\r\n<script>\r\n(function(){\r\n\r\n  var widgets = document.querySelectorAll('[data-print-widget]');\r\n  widgets.forEach(function(w){\r\n    if (w.dataset.printBound === '1') return; \r\n    var btn = w.querySelector('.AGR-print-btn');\r\n    if (!btn) return;\r\n    btn.addEventListener('click', function(e){\r\n      e.preventDefault();\r\n      if (typeof window.print === 'function') window.print();\r\n    }, { once: false });\r\n    w.dataset.printBound = '1';\r\n  });\r\n})();\r\n<\/script>\t\t\t\t<\/div>\n\t\t\t\t<\/div>\n\t\t\t\t\t<\/div>\n\t\t\t\t<\/div>\n\t\t\t\t<\/div>\n\t\t","protected":false},"excerpt":{"rendered":"<p>G\u00e5 gjennom vilk\u00e5rene og betingelsene for bruk av AGRs programvare og tjenester for lageroptimalisering.<\/p>\n","protected":false},"author":1,"featured_media":0,"parent":0,"menu_order":19,"comment_status":"closed","ping_status":"closed","template":"","meta":{"_acf_changed":false,"content-type":"","footnotes":""},"class_list":["post-26774","page","type-page","status-publish","hentry"],"acf":[],"_links":{"self":[{"href":"https:\/\/www.agrinventory.com\/no\/wp-json\/wp\/v2\/pages\/26774","targetHints":{"allow":["GET"]}}],"collection":[{"href":"https:\/\/www.agrinventory.com\/no\/wp-json\/wp\/v2\/pages"}],"about":[{"href":"https:\/\/www.agrinventory.com\/no\/wp-json\/wp\/v2\/types\/page"}],"author":[{"embeddable":true,"href":"https:\/\/www.agrinventory.com\/no\/wp-json\/wp\/v2\/users\/1"}],"replies":[{"embeddable":true,"href":"https:\/\/www.agrinventory.com\/no\/wp-json\/wp\/v2\/comments?post=26774"}],"version-history":[{"count":0,"href":"https:\/\/www.agrinventory.com\/no\/wp-json\/wp\/v2\/pages\/26774\/revisions"}],"wp:attachment":[{"href":"https:\/\/www.agrinventory.com\/no\/wp-json\/wp\/v2\/media?parent=26774"}],"curies":[{"name":"wp","href":"https:\/\/api.w.org\/{rel}","templated":true}]}}