{"id":13208,"date":"2023-01-20T00:00:00","date_gmt":"2023-01-20T00:00:00","guid":{"rendered":"https:\/\/www.agrinventory.com\/cookie-policy\/"},"modified":"2025-10-16T23:17:48","modified_gmt":"2025-10-16T23:17:48","slug":"cookie-policy","status":"publish","type":"page","link":"https:\/\/www.agrinventory.com\/sv\/cookie-policy\/","title":{"rendered":"Policy f\u00f6r cookies"},"content":{"rendered":"\t\t<div data-elementor-type=\"wp-page\" data-elementor-id=\"13208\" class=\"elementor elementor-13208 elementor-444\" data-elementor-post-type=\"page\">\n\t\t\t\t<div class=\"elementor-element elementor-element-101dc4b4 e-flex e-con-boxed e-con e-parent\" data-id=\"101dc4b4\" data-element_type=\"container\" data-e-type=\"container\">\n\t\t\t\t\t<div class=\"e-con-inner\">\n\t\t\t\t<div class=\"elementor-element elementor-element-15896185 elementor-widget elementor-widget-text-editor\" data-id=\"15896185\" data-element_type=\"widget\" data-e-type=\"widget\" data-widget_type=\"text-editor.default\">\n\t\t\t\t<div class=\"elementor-widget-container\">\n\t\t\t\t\t\t\t\t\t\n<p>Cookies \u00e4r sm\u00e5 textfiler som placeras p\u00e5 din dator av webbplatser som du bes\u00f6ker. De anv\u00e4nds f\u00f6r att f\u00e5 webbplatser att fungera, f\u00f6r att f\u00f6rb\u00e4ttra effektiviteten p\u00e5 webbplatser, f\u00f6r att f\u00f6rb\u00e4ttra anv\u00e4ndarens upplevelse och f\u00f6r att tillhandah\u00e5lla anv\u00e4ndningsinformation p\u00e5 webbplatser. Denna information b\u00f6r g\u00f6ra dina bes\u00f6k p\u00e5 webbplatsen mer produktiva genom att lagra och anv\u00e4nda information om dina preferenser och vanor p\u00e5 webbplatsen.  <\/p>\n\n<p>Din webbl\u00e4sare kan v\u00e4lja om du vill acceptera cookies eller inte. De flesta webbl\u00e4sare \u00e4r initialt inst\u00e4llda p\u00e5 att acceptera dem. <\/p>\n\n<p>Vi kan komma att erbjuda dig cookies och du b\u00f6r se till att din webbl\u00e4sare \u00e4r inst\u00e4lld p\u00e5 att inte acceptera cookies om du inte vill ta emot dem. Observera att om du inaktiverar cookies kan det h\u00e4nda att vissa tj\u00e4nster eller webbplatsfunktioner inte \u00e4r tillg\u00e4ngliga. F\u00f6r ytterligare information om cookies och hur du inaktiverar dem, g\u00e5 till <g id=\"gid_0\">aboutcookies.org.<\/g> Vi anv\u00e4nder f\u00f6ljande cookies:   <\/p>\n\n<ul class=\"wp-block-list\">\n<li><strong>Viktiga cookies:<\/strong> Dessa \u00e4r cookies som kr\u00e4vs f\u00f6r att v\u00e5r webbplats ska fungera. De omfattar t.ex. cookies som g\u00f6r det m\u00f6jligt f\u00f6r dig att logga in p\u00e5 s\u00e4kra omr\u00e5den p\u00e5 v\u00e5r webbplats och att anv\u00e4nda onlineformul\u00e4r. <\/li>\n\n<li><strong>Analytiska cookies:<\/strong> de g\u00f6r det m\u00f6jligt f\u00f6r oss att k\u00e4nna igen och r\u00e4kna antalet bes\u00f6kare och att se hur bes\u00f6karna r\u00f6r sig p\u00e5 v\u00e5r webbplats n\u00e4r de anv\u00e4nder den. Detta hj\u00e4lper oss att f\u00f6rb\u00e4ttra hur v\u00e5r webbplats fungerar, till exempel genom att se till att anv\u00e4ndarna l\u00e4tt hittar det de letar efter. <\/li>\n\n<li><strong>Marknadsf\u00f6ringscookies:<\/strong> dessa anv\u00e4nds f\u00f6r att k\u00e4nna igen dig n\u00e4r du \u00e5terv\u00e4nder till v\u00e5r webbplats. Detta g\u00f6r att vi kan anpassa v\u00e5rt inneh\u00e5ll till dig, h\u00e4lsa p\u00e5 dig med namn och komma ih\u00e5g dina preferenser. Dessa cookies registrerar ocks\u00e5 ditt bes\u00f6k p\u00e5 v\u00e5r webbplats, de sidor du har bes\u00f6kt och de l\u00e4nkar du har f\u00f6ljt. Vi kommer att anv\u00e4nda denna information f\u00f6r att g\u00f6ra v\u00e5r webbplats, den reklam som visas p\u00e5 den och den kommunikation som skickas mer relevant f\u00f6r dina intressen.   <\/li>\n<\/ul>\n\n<p>Genom att forts\u00e4tta anv\u00e4nda denna webbplats accepterar du att vi anv\u00e4nder dessa cookies som g\u00f6r reklam och kommunikation mer relevant f\u00f6r dig och dina intressen, och som hj\u00e4lper oss att f\u00f6rb\u00e4ttra webbplatsen.<\/p>\n\t\t\t\t\t\t\t\t<\/div>\n\t\t\t\t<\/div>\n\t\t\t\t\t<\/div>\n\t\t\t\t<\/div>\n\t\t\t\t<\/div>\n\t\t","protected":false},"excerpt":{"rendered":"<p>L\u00e4s om hur AGR anv\u00e4nder cookies f\u00f6r att f\u00f6rb\u00e4ttra din surfupplevelse och servicekvalitet.<\/p>\n","protected":false},"author":1,"featured_media":0,"parent":0,"menu_order":15,"comment_status":"closed","ping_status":"closed","template":"","meta":{"_acf_changed":false,"content-type":"","footnotes":""},"class_list":["post-13208","page","type-page","status-publish","hentry"],"acf":[],"_links":{"self":[{"href":"https:\/\/www.agrinventory.com\/sv\/wp-json\/wp\/v2\/pages\/13208","targetHints":{"allow":["GET"]}}],"collection":[{"href":"https:\/\/www.agrinventory.com\/sv\/wp-json\/wp\/v2\/pages"}],"about":[{"href":"https:\/\/www.agrinventory.com\/sv\/wp-json\/wp\/v2\/types\/page"}],"author":[{"embeddable":true,"href":"https:\/\/www.agrinventory.com\/sv\/wp-json\/wp\/v2\/users\/1"}],"replies":[{"embeddable":true,"href":"https:\/\/www.agrinventory.com\/sv\/wp-json\/wp\/v2\/comments?post=13208"}],"version-history":[{"count":0,"href":"https:\/\/www.agrinventory.com\/sv\/wp-json\/wp\/v2\/pages\/13208\/revisions"}],"wp:attachment":[{"href":"https:\/\/www.agrinventory.com\/sv\/wp-json\/wp\/v2\/media?parent=13208"}],"curies":[{"name":"wp","href":"https:\/\/api.w.org\/{rel}","templated":true}]}}