{"id":13211,"date":"2023-01-20T00:00:00","date_gmt":"2023-01-20T00:00:00","guid":{"rendered":"https:\/\/www.agrinventory.com\/privacy-policy\/"},"modified":"2025-10-16T23:17:41","modified_gmt":"2025-10-16T23:17:41","slug":"sekretess-policy","status":"publish","type":"page","link":"https:\/\/www.agrinventory.com\/sv\/privacy-policy\/","title":{"rendered":"Integritetspolicy"},"content":{"rendered":"\t\t<div data-elementor-type=\"wp-page\" data-elementor-id=\"13211\" class=\"elementor elementor-13211 elementor-452\" data-elementor-post-type=\"page\">\n\t\t\t\t<div class=\"elementor-element elementor-element-6672c25 e-flex e-con-boxed e-con e-parent\" data-id=\"6672c25\" data-element_type=\"container\" data-e-type=\"container\">\n\t\t\t\t\t<div class=\"e-con-inner\">\n\t\t\t\t<div class=\"elementor-element elementor-element-9efc632 elementor-widget elementor-widget-text-editor\" data-id=\"9efc632\" data-element_type=\"widget\" data-e-type=\"widget\" data-widget_type=\"text-editor.default\">\n\t\t\t\t<div class=\"elementor-widget-container\">\n\t\t\t\t\t\t\t\t\t<p class=\"wp-block-heading\"><strong>Avsikt<\/strong>  <\/p><p>Din integritet \u00e4r mycket viktig f\u00f6r AGR och vi tar s\u00e4kerheten f\u00f6r de uppgifter som f\u00f6retaget hanterar p\u00e5 allvar. Denna integritetspolicy beskriver vilka uppgifter AGR samlar in och hur AGR hanterar och behandlar personuppgifter fr\u00e5n sina kunder och andra. Denna policy omfattar personuppgifter oavsett hur de samlas in och lagras.    <\/p><p><strong>Personuppgifter som AGR samlar in<\/strong><\/p><p>Personuppgifter \u00e4r all information om en identifierad eller identifierbar individ. En individ anses vara personligt identifierbar om han eller hon kan identifieras, direkt eller indirekt, med h\u00e4nvisning till identifierare som namn, ID-nummer, platsdata och onlineidentitet eller en eller flera faktorer som k\u00e4nnetecknar en individ fysiskt, fysiologiskt, genetiskt, mentalt, materiellt, kulturellt eller socialt.   <\/p><p>AGR samlar in uppgifter fr\u00e5n dig genom v\u00e5ra interaktioner med dig och genom v\u00e5ra produkter. Du tillhandah\u00e5ller en del av dessa uppgifter direkt, och vi f\u00e5r en del av dem genom att samla in uppgifter om dina interaktioner, anv\u00e4ndning och upplevelser med v\u00e5ra produkter. De uppgifter vi samlar in beror p\u00e5 sammanhanget f\u00f6r dina interaktioner med AGR och de val du g\u00f6r, inklusive dina sekretessinst\u00e4llningar och de produkter och funktioner du anv\u00e4nder.    <\/p><p>N\u00e4r vi ber dig att l\u00e4mna personuppgifter kan du avb\u00f6ja. M\u00e5nga av v\u00e5ra produkter kr\u00e4ver vissa personuppgifter f\u00f6r att vi ska kunna tillhandah\u00e5lla dig en tj\u00e4nst. Om du v\u00e4ljer att inte l\u00e4mna de uppgifter som kr\u00e4vs f\u00f6r att ge dig en produkt eller funktion kan du inte anv\u00e4nda den produkten eller funktionen. Om AGR beh\u00f6ver samla in personuppgifter enligt lag eller f\u00f6r att ing\u00e5 eller genomf\u00f6ra ett avtal med dig, och du inte tillhandah\u00e5ller uppgifterna, kommer vi inte att kunna ing\u00e5 avtalet.     <\/p>\t\t\t\t\t\t\t\t<\/div>\n\t\t\t\t<\/div>\n\t\t\t\t<div class=\"elementor-element elementor-element-c46421b elementor-widget elementor-widget-text-editor\" data-id=\"c46421b\" data-element_type=\"widget\" data-e-type=\"widget\" data-widget_type=\"text-editor.default\">\n\t\t\t\t<div class=\"elementor-widget-container\">\n\t\t\t\t\t\t\t\t\t<p><strong>R\u00e4ttslig f\u00f6rpliktelse<\/strong> <\/p><p>Vi ser till att all v\u00e5r verksamhet sker i enlighet med g\u00e4llande lagstiftning om dataskydd och behandling av personuppgifter, s\u00e4rskilt lag nr 90\/2018. Dataskydd \u00e4r viktigt f\u00f6r oss, och vi str\u00e4var efter att f\u00f6lja alla lagar och f\u00f6rordningar som r\u00f6r integritet och dataskydd.   <\/p><p>I princip agerar AGR som ett personuppgiftsbitr\u00e4de f\u00f6r de kunders r\u00e4kning som har ing\u00e5tt serviceavtal med AGR. AGR:s kunder \u00e4r personuppgiftsansvariga f\u00f6r behandlingen i den mening som avses i lagstiftningen om skydd av personuppgifter.   <\/p><p>AGR kan ocks\u00e5 agera som personuppgiftsansvarig. Till exempel \u00e4r AGR personuppgiftsansvarig f\u00f6r kommunikationen med sina kunder i samband med befintliga eller planerade transaktioner genom att samla in kontaktinformation som kunden tillhandah\u00e5ller AGR eller som \u00e4r offentlig. I egenskap av personuppgiftsansvarig f\u00e5r AGR endast behandla personuppgifter baserat p\u00e5 tydliga bemyndiganden i lagstiftningen om skydd av personuppgifter. S\u00e5dan behandling baseras p\u00e5 samtycke fr\u00e5n enskilda personer, avtal eller ber\u00e4ttigade intressen.     <\/p><p><strong>Hur s\u00e4kerst\u00e4lls s\u00e4kerheten f\u00f6r personuppgifter?<\/strong> <\/p><p>Vi f\u00e5r endast samla in, behandla och dela personuppgifter p\u00e5 ett r\u00e4ttvist och lagligt s\u00e4tt och endast f\u00f6r specifikt definierade \u00e4ndam\u00e5l. Som personuppgiftsbitr\u00e4de vidtar AGR l\u00e4mpliga tekniska och organisatoriska \u00e5tg\u00e4rder f\u00f6r att s\u00e4kerst\u00e4lla adekvat s\u00e4kerhet f\u00f6r personuppgifter. Personuppgifter lagras och behandlas p\u00e5 ett s\u00e4kert s\u00e4tt i enlighet med AGR:s policy f\u00f6r informationss\u00e4kerhet och dataskydd.    <\/p><p><strong>Lagring av personuppgifter<\/strong> <\/p><p>Personuppgifter kommer endast att lagras s\u00e5 l\u00e4nge som det \u00e4r n\u00f6dv\u00e4ndigt om inte annat till\u00e5ts eller kr\u00e4vs enligt lag. AGR lagrar personuppgifter som personuppgiftsbitr\u00e4de s\u00e5 l\u00e4nge som behandlingsavtal f\u00f6reskriver och i enlighet med lag.   <\/p><p><strong>F\u00f6r\u00e4ndringar i politiken<\/strong> <\/p><p>Denna integritetspolicy kan komma att \u00e4ndras p\u00e5 grund av nya lagbest\u00e4mmelser eller \u00e4ndringar i tillsynsmyndighetens tolkning av genomf\u00f6randet av dataskyddslagstiftningen. AGR f\u00f6rbeh\u00e5ller sig r\u00e4tten att se \u00f6ver integritetspolicyn regelbundet och om det s\u00e4rskilt kr\u00e4vs. Alla \u00e4ndringar av policyn kommer att publiceras p\u00e5 AGR:s webbplats och tr\u00e4der i kraft vid publiceringen.    <\/p><p><strong>Kontakta oss<\/strong> <\/p><p>Eventuella fr\u00e5gor om hantering av personuppgifter och AGR:s integritetspolicy kan du skicka via e-post till <a href=\"mailto:malito:info@agrinventory.com\">info@agrinventory.com<\/a>.  <\/p>\t\t\t\t\t\t\t\t<\/div>\n\t\t\t\t<\/div>\n\t\t\t\t\t<\/div>\n\t\t\t\t<\/div>\n\t\t\t\t<\/div>\n\t\t","protected":false},"excerpt":{"rendered":"<p>L\u00e4s mer om v\u00e5rt engagemang f\u00f6r att skydda din integritet och hur vi p\u00e5 AGR hanterar personuppgifter.<\/p>\n","protected":false},"author":1,"featured_media":0,"parent":0,"menu_order":18,"comment_status":"closed","ping_status":"closed","template":"","meta":{"_acf_changed":false,"content-type":"","footnotes":""},"class_list":["post-13211","page","type-page","status-publish","hentry"],"acf":[],"_links":{"self":[{"href":"https:\/\/www.agrinventory.com\/sv\/wp-json\/wp\/v2\/pages\/13211","targetHints":{"allow":["GET"]}}],"collection":[{"href":"https:\/\/www.agrinventory.com\/sv\/wp-json\/wp\/v2\/pages"}],"about":[{"href":"https:\/\/www.agrinventory.com\/sv\/wp-json\/wp\/v2\/types\/page"}],"author":[{"embeddable":true,"href":"https:\/\/www.agrinventory.com\/sv\/wp-json\/wp\/v2\/users\/1"}],"replies":[{"embeddable":true,"href":"https:\/\/www.agrinventory.com\/sv\/wp-json\/wp\/v2\/comments?post=13211"}],"version-history":[{"count":0,"href":"https:\/\/www.agrinventory.com\/sv\/wp-json\/wp\/v2\/pages\/13211\/revisions"}],"wp:attachment":[{"href":"https:\/\/www.agrinventory.com\/sv\/wp-json\/wp\/v2\/media?parent=13211"}],"curies":[{"name":"wp","href":"https:\/\/api.w.org\/{rel}","templated":true}]}}