{"id":30843,"date":"2025-11-26T15:34:47","date_gmt":"2025-11-26T15:34:47","guid":{"rendered":"https:\/\/www.agrinventory.com\/agr-referral-program-villkor-och-anvisningar\/"},"modified":"2025-11-28T10:03:50","modified_gmt":"2025-11-28T10:03:50","slug":"agr-referral-program-villkor-och-anvisningar","status":"publish","type":"page","link":"https:\/\/www.agrinventory.com\/sv\/agr-referral-program-villkor-och-anvisningar\/","title":{"rendered":"AGR Referral Program &#8211; Villkor och anvisningar"},"content":{"rendered":"\t\t<div data-elementor-type=\"wp-page\" data-elementor-id=\"30843\" class=\"elementor elementor-30843 elementor-30823\" data-elementor-post-type=\"page\">\n\t\t\t\t<div class=\"elementor-element elementor-element-1103fbc8 e-flex e-con-boxed e-con e-parent\" data-id=\"1103fbc8\" data-element_type=\"container\" data-e-type=\"container\">\n\t\t\t\t\t<div class=\"e-con-inner\">\n\t\t\t\t<div class=\"elementor-element elementor-element-b1a6d84 print-section-export elementor-widget elementor-widget-text-editor\" data-id=\"b1a6d84\" data-element_type=\"widget\" data-e-type=\"widget\" data-widget_type=\"text-editor.default\">\n\t\t\t\t<div class=\"elementor-widget-container\">\n\t\t\t\t\t\t\t\t\t<p style=\"text-align: center;\"><strong>AGR Referral Program &#8211; Villkor och anvisningar<\/strong><\/p><p style=\"text-align: center;\">    <span class=\"scandi-inline-time\"\n          data-bcp47-locale=\"svv-SE\"\n          data-tz=\"\"\n          data-gmt-offset-hours=\"0\">\n        Datum f\u00f6r export:\n        <time class=\"scandi-time\" aria-live=\"polite\"><\/time>\n        (UTC+0)\n    <\/span>\n\n    <script>\n    (function(){\n        var items = document.querySelectorAll('.scandi-inline-time');\n        if(!items.length) return;\n\n        items.forEach(function(wrap){\n            var out         = wrap.querySelector('.scandi-time');\n            var localeTag   = (wrap.getAttribute('data-bcp47-locale')||'en-US').trim();\n            var tz          = (wrap.getAttribute('data-tz')||'').trim();\n            var offsetHours = parseFloat(wrap.getAttribute('data-gmt-offset-hours')||'0');\n\n            var fmtOptions = {\n                year:'numeric', month:'2-digit', day:'2-digit',\n                hour:'2-digit', minute:'2-digit', hourCycle:'h23',\n                timeZone: tz || 'UTC'\n            };\n\n            var formatter;\n            try { formatter = new Intl.DateTimeFormat(localeTag, fmtOptions); }\n            catch(e){ formatter = new Intl.DateTimeFormat('en-US', fmtOptions); }\n\n            function currentSiteDate(){\n\n                if (tz) return new Date(Date.now());\n\n                return new Date(Date.now() + offsetHours * 3600 * 1000);\n            }\n\n            function render(){\n                var d = currentSiteDate();\n                out.textContent = formatter.format(d);\n                try { out.setAttribute('datetime', new Date().toISOString()); } catch(e){}\n            }\n\n            render();\n            setInterval(render, 30000);\n        });\n    })();\n    <\/script>\n    <\/p><p style=\"text-align: center;\"><span style=\"word-break:break-all\">https:\u200b\/\u200b\/\u200bwww.\u200bagrinventory.\u200bcom\/\u200bsv\/\u200bwp-\u200bjson\/\u200bwp\/\u200bv2\/\u200bpages\/\u200b30843\/\u200b<\/span><\/p>\t\t\t\t\t\t\t\t<\/div>\n\t\t\t\t<\/div>\n\t\t\t\t<div class=\"elementor-element elementor-element-927cefa elementor-widget elementor-widget-text-editor\" data-id=\"927cefa\" data-element_type=\"widget\" data-e-type=\"widget\" data-widget_type=\"text-editor.default\">\n\t\t\t\t<div class=\"elementor-widget-container\">\n\t\t\t\t\t\t\t\t\t<p><em>Senast uppdaterad: 07.11.2025<\/em><\/p>\n<ol>\n<li><strong>  Inledning<\/strong><\/li>\n<\/ol>\n<p>AGR Referral Program (&#8220;Programmet&#8221;) bel\u00f6nar befintliga AGR-kunder (&#8220;Referrers&#8221;) f\u00f6r att introducera nya f\u00f6retag (&#8220;Referees&#8221;) till AGR Inventory (&#8220;AGR&#8221;). Genom att delta i programmet samtycker du till dessa villkor (&#8220;Villkor&#8221;), som reglerar deltagande, beh\u00f6righet och bel\u00f6ningar. <\/p>\n<ol start=\"2\">\n<li><strong>  Beh\u00f6righet<\/strong><\/li>\n<\/ol>\n<ol>\n<li>Programmet \u00e4r \u00f6ppet f\u00f6r aktiva AGR-kunder.<\/li>\n<li>Domare m\u00e5ste vara en kvalificerad referens enligt vad som anges i avsnitt 5.<\/li>\n<li>AGR:s anst\u00e4llda, partners och \u00e5terf\u00f6rs\u00e4ljare \u00e4r inte ber\u00e4ttigade att delta om inte annat skriftligen godk\u00e4nts.<\/li>\n<li>Domare m\u00e5ste h\u00e4nvisas via det s\u00e4rskilda h\u00e4nvisningsformul\u00e4ret eller landningssidan som tillhandah\u00e5lls av AGR.<\/li>\n<\/ol>\n<ol start=\"3\">\n<li><strong>  Remissf\u00f6rfarande<\/strong><\/li>\n<\/ol>\n<ol>\n<li>Den som h\u00e4nvisar delar h\u00e4nvisningsl\u00e4nken eller skickar in en h\u00e4nvisning via AGR:s officiella h\u00e4nvisningsformul\u00e4r.<\/li>\n<li>Domaren genomf\u00f6r en kvalificerad demo med AGR.<\/li>\n<li>F\u00f6r att referenten ska vara ber\u00e4ttigad till bel\u00f6ningen m\u00e5ste domaren:\n<ol>\n<li>Genomf\u00f6ra en kvalificerad demo med en AGR-representant, och<\/li>\n<li>Verifieras som ett legitimt f\u00f6retag som \u00e4r intresserat av AGR:s l\u00f6sningar.<\/li>\n<\/ol>\n<\/li>\n<\/ol>\n<ol start=\"4\">\n<li><strong>  Bel\u00f6ning f\u00f6r v\u00e4rvning<\/strong><\/li>\n<\/ol>\n<ol>\n<li>Bel\u00f6ning f\u00f6r referenspersonen: Det h\u00e4nvisade f\u00f6retaget kommer att ha r\u00e4tt att v\u00e4lja en av f\u00f6ljande moduler kostnadsfritt under en period p\u00e5 h\u00f6gst 3 m\u00e5nader.\n<ol>\n<li>PlanPro,<\/li>\n<li>OrderPro, eller<\/li>\n<li>InsikterPro<\/li>\n<\/ol>\n<\/li>\n<li>Bel\u00f6ning f\u00f6r den som h\u00e4nvisar<strong>:<\/strong> AGR kan ge en extra tackbel\u00f6ning (t.ex. kontokredit, servicerabatt eller presentkort) efter AGR:s gottfinnande.<\/li>\n<li>Rewards \u00e4r inte \u00f6verf\u00f6rbara och kan inte bytas ut mot kontanter eller kredit.<\/li>\n<li>AGR f\u00f6rbeh\u00e5ller sig r\u00e4tten att \u00e4ndra eller ers\u00e4tta bel\u00f6ningar med ett erbjudande av motsvarande v\u00e4rde.<\/li>\n<\/ol>\n<ol start=\"5\">\n<li><strong>  Kvalificerade referenser<\/strong><\/li>\n<\/ol>\n<p>En kvalificerad h\u00e4nvisning inneb\u00e4r en h\u00e4nvisad verksamhet som uppfyller alla f\u00f6ljande kriterier:<\/p>\n<ol>\n<li>\u00c4r verifierad som en ny kund till AGR;<\/li>\n<li>Genomf\u00f6r en inledande konsultation eller demo inom 60 dagar efter att remissen skickats in;<\/li>\n<li>Har ett giltigt aff\u00e4rsomr\u00e5de och \u00e4r verksam inom AGR:s st\u00f6dda regioner;<\/li>\n<li>Registrerar sig f\u00f6r en kvalificerad provperiod eller prenumeration p\u00e5 en AGR-produkt (om till\u00e4mpligt).<\/li>\n<\/ol>\n<p>Rekommendationer som inte uppfyller dessa kriterier kan anses vara obeh\u00f6riga enligt AGR:s eget gottfinnande.<\/p>\n<ol start=\"6\">\n<li><strong>  Leverans av bel\u00f6ningar<\/strong><\/li>\n<\/ol>\n<ol>\n<li>Bel\u00f6ningarna bekr\u00e4ftas via e-post inom 30 dagar efter att det h\u00e4nvisade f\u00f6retaget har kvalificerat sig.<\/li>\n<li>AGR kommer att kontakta domaren f\u00f6r att samordna onboarding och aktivering av deras kostnadsfria modul.<\/li>\n<li>Eventuella till\u00e4mpliga skatter eller avgifter relaterade till bel\u00f6ningen \u00e4r Domarens ansvar.<\/li>\n<\/ol>\n<ol start=\"7\">\n<li><strong>  Begr\u00e4nsningar i programmet<\/strong><\/li>\n<\/ol>\n<p>AGR f\u00f6rbeh\u00e5ller sig r\u00e4tten att:<\/p>\n<ol>\n<li>Verifiera alla deltagares identitet och beh\u00f6righet;<\/li>\n<li>Avvisa remisser som misst\u00e4nks f\u00f6r bedr\u00e4geri eller missbruk;<\/li>\n<li>Begr\u00e4nsa antalet bel\u00f6ningar per deltagare;<\/li>\n<li>Modifiera, avbryta eller avsluta v\u00e4rvningsprogrammet n\u00e4r som helst utan f\u00f6reg\u00e5ende meddelande.<\/li>\n<\/ol>\n<ol start=\"8\">\n<li><strong>  Datasekretess<\/strong><\/li>\n<\/ol>\n<p>Genom att delta samtycker du till att AGR samlar in och behandlar dina personuppgifter i syfte att administrera programmet. Uppgifterna kommer att hanteras i enlighet med <a href=\"https:\/\/www.agrinventory.com\/sv\/privacy-policy\/\">AGR: s integritetspolicy<\/a>. <\/p>\n<ol start=\"9\">\n<li><strong>  Allm\u00e4nna villkor<\/strong><\/li>\n<\/ol>\n<ol>\n<li>Deltagande i Programmet inneb\u00e4r godk\u00e4nnande av dessa Villkor.<\/li>\n<li>AGR:s beslut om beh\u00f6righet, kvalificering och tilldelning av bel\u00f6ningar \u00e4r slutgiltiga och bindande.<\/li>\n<li>Dessa villkor styrs av Islands lagar.<\/li>\n<\/ol>\n<ol start=\"10\">\n<li><strong>  Kontakt<\/strong><\/li>\n<\/ol>\n<p>F\u00f6r fr\u00e5gor om referensprogrammet, v\u00e4nligen kontakta: <a href=\"mailto:info@agrinventory.com\">info@agrinventory.com<\/a><br><a href=\"https:\/\/www.agrinventory.com\/sv\/\">https:\/\/www.agrinventory.com<\/a>&nbsp;<\/p>\t\t\t\t\t\t\t\t<\/div>\n\t\t\t\t<\/div>\n\t\t\t\t<div class=\"elementor-element elementor-element-7aee311 elementor-widget elementor-widget-html\" data-id=\"7aee311\" data-element_type=\"widget\" data-e-type=\"widget\" data-widget_type=\"html.default\">\n\t\t\t\t<div class=\"elementor-widget-container\">\n\t\t\t\t\t<div class=\"AGR-print-widget\" data-print-widget>\r\n  <button type=\"button\" class=\"AGR-print-btn AGR-no-print\" aria-label=\"Print this page\">\r\n    <svg class=\"AGR-print-ic\" viewBox=\"0 0 24 24\" aria-hidden=\"true\" focusable=\"false\">\r\n      <path d=\"M6 9V3h12v6h1a3 3 0 0 1 3 3v6h-4v3H6v-3H2v-6a3 3 0 0 1 3-3h1Zm2-4v4h8V5H8Zm8 13H8v3h8v-3Z\"\/>\r\n    <\/svg>\r\n    <span>Print<\/span>\r\n  <\/button>\r\n<\/div>\r\n\r\n<script>\r\n(function(){\r\n\r\n  var widgets = document.querySelectorAll('[data-print-widget]');\r\n  widgets.forEach(function(w){\r\n    if (w.dataset.printBound === '1') return; \r\n    var btn = w.querySelector('.AGR-print-btn');\r\n    if (!btn) return;\r\n    btn.addEventListener('click', function(e){\r\n      e.preventDefault();\r\n      if (typeof window.print === 'function') window.print();\r\n    }, { once: false });\r\n    w.dataset.printBound = '1';\r\n  });\r\n})();\r\n<\/script>\t\t\t\t<\/div>\n\t\t\t\t<\/div>\n\t\t\t\t\t<\/div>\n\t\t\t\t<\/div>\n\t\t\t\t<\/div>\n\t\t","protected":false},"excerpt":{"rendered":"<p>L\u00e4s igenom villkoren f\u00f6r att anv\u00e4nda AGR:s Referral Program.<\/p>\n","protected":false},"author":1,"featured_media":0,"parent":0,"menu_order":19,"comment_status":"closed","ping_status":"closed","template":"","meta":{"_acf_changed":false,"content-type":"","footnotes":""},"class_list":["post-30843","page","type-page","status-publish","hentry"],"acf":[],"_links":{"self":[{"href":"https:\/\/www.agrinventory.com\/sv\/wp-json\/wp\/v2\/pages\/30843","targetHints":{"allow":["GET"]}}],"collection":[{"href":"https:\/\/www.agrinventory.com\/sv\/wp-json\/wp\/v2\/pages"}],"about":[{"href":"https:\/\/www.agrinventory.com\/sv\/wp-json\/wp\/v2\/types\/page"}],"author":[{"embeddable":true,"href":"https:\/\/www.agrinventory.com\/sv\/wp-json\/wp\/v2\/users\/1"}],"replies":[{"embeddable":true,"href":"https:\/\/www.agrinventory.com\/sv\/wp-json\/wp\/v2\/comments?post=30843"}],"version-history":[{"count":0,"href":"https:\/\/www.agrinventory.com\/sv\/wp-json\/wp\/v2\/pages\/30843\/revisions"}],"wp:attachment":[{"href":"https:\/\/www.agrinventory.com\/sv\/wp-json\/wp\/v2\/media?parent=30843"}],"curies":[{"name":"wp","href":"https:\/\/api.w.org\/{rel}","templated":true}]}}