{"id":33779,"date":"2023-01-16T00:00:00","date_gmt":"2023-01-16T00:00:00","guid":{"rendered":"https:\/\/www.agrinventory.com\/begaran-om-pris-formular\/"},"modified":"2026-03-05T14:46:27","modified_gmt":"2026-03-05T14:46:27","slug":"begaran-om-pris-formular","status":"publish","type":"page","link":"https:\/\/www.agrinventory.com\/sv\/begaran-om-pris-formular\/","title":{"rendered":"Beg\u00e4ran om pris | Formul\u00e4r"},"content":{"rendered":"\t\t<div data-elementor-type=\"wp-page\" data-elementor-id=\"33779\" class=\"elementor elementor-33779 elementor-446\" data-elementor-post-type=\"page\">\n\t\t\t\t<div class=\"elementor-element elementor-element-47a5026 animated-slow e-flex e-con-boxed elementor-invisible e-con e-child\" data-id=\"47a5026\" data-element_type=\"container\" data-e-type=\"container\" data-settings=\"{&quot;animation&quot;:&quot;fadeIn&quot;,&quot;background_background&quot;:&quot;classic&quot;}\">\n\t\t\t\t\t<div class=\"e-con-inner\">\n\t\t<div class=\"elementor-element elementor-element-2805a9e e-con-full download e-flex e-con e-child\" data-id=\"2805a9e\" data-element_type=\"container\" data-e-type=\"container\">\n\t\t\t\t<div class=\"elementor-element elementor-element-d329975 elementor-widget__width-auto elementor-widget elementor-widget-heading\" data-id=\"d329975\" data-element_type=\"widget\" data-e-type=\"widget\" data-widget_type=\"heading.default\">\n\t\t\t\t<div class=\"elementor-widget-container\">\n\t\t\t\t\t<h1 class=\"elementor-heading-title elementor-size-default\">Beg\u00e4r prisuppgift<\/h1>\t\t\t\t<\/div>\n\t\t\t\t<\/div>\n\t\t\t\t<div class=\"elementor-element elementor-element-7e08f90 elementor-widget elementor-widget-heading\" data-id=\"7e08f90\" data-element_type=\"widget\" data-e-type=\"widget\" data-widget_type=\"heading.default\">\n\t\t\t\t<div class=\"elementor-widget-container\">\n\t\t\t\t\t<h2 class=\"elementor-heading-title elementor-size-default\">Se hur prisv\u00e4rd tillv\u00e4xt kan vara - Beg\u00e4r prisuppgift idag<\/h2>\t\t\t\t<\/div>\n\t\t\t\t<\/div>\n\t\t\t\t<div class=\"elementor-element elementor-element-ab7a640 elementor-widget elementor-widget-text-editor\" data-id=\"ab7a640\" data-element_type=\"widget\" data-e-type=\"widget\" data-widget_type=\"text-editor.default\">\n\t\t\t\t<div class=\"elementor-widget-container\">\n\t\t\t\t\t\t\t\t\t<p>Med AGR betalar du bara f\u00f6r det du beh\u00f6ver f\u00f6r att optimera ditt lager.  <span style=\"white-space-collapse: preserve;\">Oavsett lagerv\u00e4rde, komplexitet i leveranskedjan eller antal platser &#8211; AGR har en l\u00f6sning som passar just dig<\/span> <\/p><ul><li>Vi erbjuder prenumerationsbaserad priss\u00e4ttning f\u00f6r att uppfylla dina exakta aff\u00e4rskrav.<\/li><li>Det \u00e4r enkelt att integrera med alla ERP-system och g\u00f6r att du kan f\u00e5 ut det mesta av din tid, ditt kapital och dina resurser i hela leveranskedjan.<\/li><\/ul>\t\t\t\t\t\t\t\t<\/div>\n\t\t\t\t<\/div>\n\t\t<div class=\"elementor-element elementor-element-ce2c87f e-con-full elementor-hidden-mobile e-flex e-con e-child\" data-id=\"ce2c87f\" data-element_type=\"container\" data-e-type=\"container\">\n\t\t\t\t<div class=\"elementor-element elementor-element-6354427 elementor-widget__width-initial elementor-widget-widescreen__width-inherit elementor-widget elementor-widget-heading\" data-id=\"6354427\" data-element_type=\"widget\" data-e-type=\"widget\" data-widget_type=\"heading.default\">\n\t\t\t\t<div class=\"elementor-widget-container\">\n\t\t\t\t\t<h2 class=\"elementor-heading-title elementor-size-default\">Den bepr\u00f6vade ledaren inom lageroptimering  <\/h2>\t\t\t\t<\/div>\n\t\t\t\t<\/div>\n\t\t<div class=\"elementor-element elementor-element-18833df e-grid e-con-full e-con e-child\" data-id=\"18833df\" data-element_type=\"container\" data-e-type=\"container\">\n\t\t\t\t<div class=\"elementor-element elementor-element-0a5dd6a elementor-widget elementor-widget-image\" data-id=\"0a5dd6a\" data-element_type=\"widget\" data-e-type=\"widget\" data-widget_type=\"image.default\">\n\t\t\t\t<div class=\"elementor-widget-container\">\n\t\t\t\t\t\t\t\t\t\t\t\t\t\t\t<img loading=\"lazy\" decoding=\"async\" loading=\"lazy\" width=\"94\" height=\"122\" src=\"https:\/\/www.agrinventory.com\/wp-content\/uploads\/2024\/10\/InventoryControl_Leader_Leader.svg\" class=\"attachment-full size-full wp-image-17329\" alt=\"G2 AGR Leader Inventory Control\" title=\"\">\t\t\t\t\t\t\t\t\t\t\t\t\t\t\t<\/div>\n\t\t\t\t<\/div>\n\t\t\t\t<div class=\"elementor-element elementor-element-b63fdb4 elementor-widget elementor-widget-image\" data-id=\"b63fdb4\" data-element_type=\"widget\" data-e-type=\"widget\" data-widget_type=\"image.default\">\n\t\t\t\t<div class=\"elementor-widget-container\">\n\t\t\t\t\t\t\t\t\t\t\t\t\t\t\t<img loading=\"lazy\" decoding=\"async\" loading=\"lazy\" width=\"94\" height=\"122\" src=\"https:\/\/www.agrinventory.com\/wp-content\/uploads\/2024\/10\/DemandPlanning_BestSupport_QualityOfSupport.svg\" class=\"attachment-full size-full wp-image-17333\" alt=\"AGR G2 B\u00e4sta st\u00f6d 2024\" title=\"\">\t\t\t\t\t\t\t\t\t\t\t\t\t\t\t<\/div>\n\t\t\t\t<\/div>\n\t\t\t\t<div class=\"elementor-element elementor-element-b5af4a1 elementor-widget elementor-widget-image\" data-id=\"b5af4a1\" data-element_type=\"widget\" data-e-type=\"widget\" data-widget_type=\"image.default\">\n\t\t\t\t<div class=\"elementor-widget-container\">\n\t\t\t\t\t\t\t\t\t\t\t\t\t\t\t<img loading=\"lazy\" decoding=\"async\" loading=\"lazy\" width=\"94\" height=\"122\" src=\"https:\/\/www.agrinventory.com\/wp-content\/uploads\/2024\/06\/InventoryControl_EasiestToDoBusinessWith_EaseOfDoingBusinessWith.svg\" class=\"attachment-full size-full wp-image-16856\" alt=\"AGR G2 l\u00e4ttast att g\u00f6ra aff\u00e4rer med\" title=\"\">\t\t\t\t\t\t\t\t\t\t\t\t\t\t\t<\/div>\n\t\t\t\t<\/div>\n\t\t\t\t<\/div>\n\t\t\t\t<\/div>\n\t\t\t\t<\/div>\n\t\t<div class=\"elementor-element elementor-element-90a9788 e-con-full e-flex e-con e-child\" data-id=\"90a9788\" data-element_type=\"container\" data-e-type=\"container\" data-settings=\"{&quot;background_background&quot;:&quot;classic&quot;}\">\n\t\t\t\t<div class=\"elementor-element elementor-element-aa60683 elementor-widget elementor-widget-html\" data-id=\"aa60683\" data-element_type=\"widget\" data-e-type=\"widget\" data-widget_type=\"html.default\">\n\t\t\t\t<div class=\"elementor-widget-container\">\n\t\t\t\t\t<script charset=\"utf-8\" type=\"text\/javascript\" src=\"\/\/js.hsforms.net\/forms\/embed\/v2.js\"><\/script>\r\n<script>\r\n  hbspt.forms.create({\r\n    region: \"na1\",\r\n    portalId: \"8543714\",\r\n    formId: \"3469a2cd-22c8-4ee3-88a4-f209ccf23304\"\r\n  });\r\n<\/script>\t\t\t\t<\/div>\n\t\t\t\t<\/div>\n\t\t\t\t<div class=\"elementor-element elementor-element-0f292a7 elementor-widget elementor-widget-text-editor\" data-id=\"0f292a7\" data-element_type=\"widget\" data-e-type=\"widget\" data-widget_type=\"text-editor.default\">\n\t\t\t\t<div class=\"elementor-widget-container\">\n\t\t\t\t\t\t\t\t\t<p>Genom att fylla i och skicka in formul\u00e4ret f\u00e5r du information, tips och kampanjer fr\u00e5n AGR. F\u00f6r att l\u00e4ra dig mer om hur AGR anv\u00e4nder din information, se v\u00e5r <a href=\"https:\/\/www.agrinventory.com\/sv\/privacy-policy\/\">integritetspolicy<\/a>. <\/p>\t\t\t\t\t\t\t\t<\/div>\n\t\t\t\t<\/div>\n\t\t<div class=\"elementor-element elementor-element-e17e0df e-con-full elementor-hidden-widescreen elementor-hidden-desktop elementor-hidden-tablet e-flex e-con e-child\" data-id=\"e17e0df\" data-element_type=\"container\" data-e-type=\"container\">\n\t\t\t\t<div class=\"elementor-element elementor-element-29452fa elementor-widget__width-initial elementor-widget-widescreen__width-inherit elementor-widget elementor-widget-heading\" data-id=\"29452fa\" data-element_type=\"widget\" data-e-type=\"widget\" data-widget_type=\"heading.default\">\n\t\t\t\t<div class=\"elementor-widget-container\">\n\t\t\t\t\t<h2 class=\"elementor-heading-title elementor-size-default\">Den bepr\u00f6vade ledaren inom lageroptimering<\/h2>\t\t\t\t<\/div>\n\t\t\t\t<\/div>\n\t\t<div class=\"elementor-element elementor-element-2a01885 e-grid e-con-full e-con e-child\" data-id=\"2a01885\" data-element_type=\"container\" data-e-type=\"container\">\n\t\t\t\t<div class=\"elementor-element elementor-element-9dd5443 elementor-widget elementor-widget-image\" data-id=\"9dd5443\" data-element_type=\"widget\" data-e-type=\"widget\" data-widget_type=\"image.default\">\n\t\t\t\t<div class=\"elementor-widget-container\">\n\t\t\t\t\t\t\t\t\t\t\t\t\t\t\t<img loading=\"lazy\" decoding=\"async\" loading=\"lazy\" width=\"94\" height=\"122\" src=\"https:\/\/www.agrinventory.com\/wp-content\/uploads\/2024\/10\/InventoryControl_Leader_Leader.svg\" class=\"attachment-full size-full wp-image-17329\" alt=\"G2 AGR Leader Inventory Control\" title=\"\">\t\t\t\t\t\t\t\t\t\t\t\t\t\t\t<\/div>\n\t\t\t\t<\/div>\n\t\t\t\t<div class=\"elementor-element elementor-element-c28f10e elementor-widget elementor-widget-image\" data-id=\"c28f10e\" data-element_type=\"widget\" data-e-type=\"widget\" data-widget_type=\"image.default\">\n\t\t\t\t<div class=\"elementor-widget-container\">\n\t\t\t\t\t\t\t\t\t\t\t\t\t\t\t<img loading=\"lazy\" decoding=\"async\" loading=\"lazy\" width=\"94\" height=\"122\" src=\"https:\/\/www.agrinventory.com\/wp-content\/uploads\/2024\/10\/DemandPlanning_BestSupport_QualityOfSupport.svg\" class=\"attachment-full size-full wp-image-17333\" alt=\"AGR G2 B\u00e4sta st\u00f6d 2024\" title=\"\">\t\t\t\t\t\t\t\t\t\t\t\t\t\t\t<\/div>\n\t\t\t\t<\/div>\n\t\t\t\t<div class=\"elementor-element elementor-element-0c1918a elementor-widget elementor-widget-image\" data-id=\"0c1918a\" data-element_type=\"widget\" data-e-type=\"widget\" data-widget_type=\"image.default\">\n\t\t\t\t<div class=\"elementor-widget-container\">\n\t\t\t\t\t\t\t\t\t\t\t\t\t\t\t<img loading=\"lazy\" decoding=\"async\" loading=\"lazy\" width=\"94\" height=\"122\" src=\"https:\/\/www.agrinventory.com\/wp-content\/uploads\/2024\/06\/InventoryControl_EasiestToDoBusinessWith_EaseOfDoingBusinessWith.svg\" class=\"attachment-full size-full wp-image-16856\" alt=\"AGR G2 l\u00e4ttast att g\u00f6ra aff\u00e4rer med\" title=\"\">\t\t\t\t\t\t\t\t\t\t\t\t\t\t\t<\/div>\n\t\t\t\t<\/div>\n\t\t\t\t<\/div>\n\t\t\t\t<\/div>\n\t\t\t\t<\/div>\n\t\t\t\t\t<\/div>\n\t\t\t\t<\/div>\n\t\t\t\t<\/div>\n\t\t","protected":false},"excerpt":{"rendered":"<p>Fr\u00e5ga om AGR:s prisalternativ och hitta den b\u00e4sta planen f\u00f6r dina aff\u00e4rsbehov.<\/p>\n","protected":false},"author":1,"featured_media":0,"parent":0,"menu_order":16,"comment_status":"closed","ping_status":"closed","template":"elementor_header_footer","meta":{"_acf_changed":false,"content-type":"","footnotes":""},"class_list":["post-33779","page","type-page","status-publish","hentry"],"acf":[],"_links":{"self":[{"href":"https:\/\/www.agrinventory.com\/sv\/wp-json\/wp\/v2\/pages\/33779","targetHints":{"allow":["GET"]}}],"collection":[{"href":"https:\/\/www.agrinventory.com\/sv\/wp-json\/wp\/v2\/pages"}],"about":[{"href":"https:\/\/www.agrinventory.com\/sv\/wp-json\/wp\/v2\/types\/page"}],"author":[{"embeddable":true,"href":"https:\/\/www.agrinventory.com\/sv\/wp-json\/wp\/v2\/users\/1"}],"replies":[{"embeddable":true,"href":"https:\/\/www.agrinventory.com\/sv\/wp-json\/wp\/v2\/comments?post=33779"}],"version-history":[{"count":0,"href":"https:\/\/www.agrinventory.com\/sv\/wp-json\/wp\/v2\/pages\/33779\/revisions"}],"wp:attachment":[{"href":"https:\/\/www.agrinventory.com\/sv\/wp-json\/wp\/v2\/media?parent=33779"}],"curies":[{"name":"wp","href":"https:\/\/api.w.org\/{rel}","templated":true}]}}